{"id":44906,"date":"2025-06-18T10:58:17","date_gmt":"2025-06-18T10:58:17","guid":{"rendered":"https:\/\/zl.jewelry\/product\/earrings-tears-of-a-waterfall\/"},"modified":"2025-09-26T18:29:05","modified_gmt":"2025-09-26T18:29:05","slug":"earrings-tears-of-a-waterfall","status":"publish","type":"product","link":"https:\/\/zl.jewelry\/pl\/product\/earrings-tears-of-a-waterfall\/","title":{"rendered":"Kolczyki &#8222;Wodospad \u0142ez&#8221;"},"content":{"rendered":"<p>Kolczyki &#8211; brosze z po\u0142\u0105czenia czerwonego i bia\u0142ego z\u0142ota, o wadze 4,65 grama. Baza z czerwonego z\u0142ota, odlewy z bia\u0142ego z\u0142ota platerowane rodem. Na kolczykach osadzone kamienie o \u015brednicy 4,00mm; 3,00mm; 2,50mm, 2,30mm, na \u017cyczenie klienta mo\u017cna osadzi\u0107 dowolne kamienie. Wysoko\u015b\u0107 \u0142uku 1cm, ca\u0142kowita d\u0142ugo\u015b\u0107 tylnego \u0142a\u0144cuszka od \u0142uku 5cm, ca\u0142kowita d\u0142ugo\u015b\u0107 przedniego \u0142a\u0144cuszka z kamieniami od \u0142uku 6,5cm.<\/p>\n","protected":false},"excerpt":{"rendered":"<p>Kolczyki &#8211; brosze z po\u0142\u0105czenia czerwonego i bia\u0142ego z\u0142ota, o wadze 4,65 grama. Baza z czerwonego z\u0142ota, odlewy z bia\u0142ego z\u0142ota platerowane rodem. Na kolczykach osadzone kamienie o \u015brednicy 4,00mm; 3,00mm; 2,50mm, 2,30mm, na \u017cyczenie klienta mo\u017cna osadzi\u0107 dowolne kamienie. Wysoko\u015b\u0107 \u0142uku 1cm, ca\u0142kowita d\u0142ugo\u015b\u0107 tylnego \u0142a\u0144cuszka od \u0142uku 5cm, ca\u0142kowita d\u0142ugo\u015b\u0107 przedniego \u0142a\u0144cuszka z&#8230;<\/p>\n","protected":false},"featured_media":44907,"template":"","meta":{"_acf_changed":false},"product_brand":[],"product_cat":[538,545,546,548,550],"product_tag":[],"class_list":{"0":"post-44906","1":"product","2":"type-product","3":"status-publish","4":"has-post-thumbnail","6":"product_cat-gold-earrings-pl","7":"product_cat-earrings-up-to-5g-pl","8":"product_cat-earrings-with-diamonds-pl","9":"product_cat-earrings-with-stones-pl","10":"product_cat-with-cubic-zirkonia-pl","12":"first","13":"instock","14":"product-type-simple"},"acf":[],"_links":{"self":[{"href":"https:\/\/zl.jewelry\/pl\/wp-json\/wp\/v2\/product\/44906","targetHints":{"allow":["GET"]}}],"collection":[{"href":"https:\/\/zl.jewelry\/pl\/wp-json\/wp\/v2\/product"}],"about":[{"href":"https:\/\/zl.jewelry\/pl\/wp-json\/wp\/v2\/types\/product"}],"wp:featuredmedia":[{"embeddable":true,"href":"https:\/\/zl.jewelry\/pl\/wp-json\/wp\/v2\/media\/44907"}],"wp:attachment":[{"href":"https:\/\/zl.jewelry\/pl\/wp-json\/wp\/v2\/media?parent=44906"}],"wp:term":[{"taxonomy":"product_brand","embeddable":true,"href":"https:\/\/zl.jewelry\/pl\/wp-json\/wp\/v2\/product_brand?post=44906"},{"taxonomy":"product_cat","embeddable":true,"href":"https:\/\/zl.jewelry\/pl\/wp-json\/wp\/v2\/product_cat?post=44906"},{"taxonomy":"product_tag","embeddable":true,"href":"https:\/\/zl.jewelry\/pl\/wp-json\/wp\/v2\/product_tag?post=44906"}],"curies":[{"name":"wp","href":"https:\/\/api.w.org\/{rel}","templated":true}]}}