{"id":44876,"date":"2025-06-18T10:58:22","date_gmt":"2025-06-18T10:58:22","guid":{"rendered":"https:\/\/zl.jewelry\/product\/keychain-in-the-rain\/"},"modified":"2025-09-26T18:29:11","modified_gmt":"2025-09-26T18:29:11","slug":"keychain-in-the-rain","status":"publish","type":"product","link":"https:\/\/zl.jewelry\/pl\/product\/keychain-in-the-rain\/","title":{"rendered":"Brelok do kluczy &#8222;W deszczu&#8221;"},"content":{"rendered":"<p>Pi\u0119kna historia dwojga zakochanych ludzi&#8230;<\/p>\n<p>Przypadkowe spotkanie dwojga ludzi w deszczu 20 lat temu okaza\u0142o si\u0119 brzemienne w skutkach&#8230;<\/p>\n<p>Ma\u0142a parasolka po\u0142\u0105czy\u0142a dwa kochaj\u0105ce serca, kt\u00f3re zdo\u0142a\u0142y przenie\u015b\u0107 przez lata ciep\u0142e i czu\u0142e uczucia.<\/p>\n<p>Ma\u0142a parasolka po\u0142\u0105czy\u0142a dwa kochaj\u0105ce serca, kt\u00f3re przez lata by\u0142y w stanie nie\u015b\u0107 ciep\u0142e i czu\u0142e uczucia. Ten brelok jest wspomnieniem najbardziej pami\u0119tnych i wzplszaj\u0105cych chwil w ich \u017cyciu.<\/p>\n<p>Breloczek jest wykonany ze srebra i jest prezentowany jako pr\u00f3bka na prezent<\/p>\n<p>.<\/p>\n","protected":false},"excerpt":{"rendered":"<p>Pi\u0119kna historia dwojga zakochanych ludzi&#8230; Przypadkowe spotkanie dwojga ludzi w deszczu 20 lat temu okaza\u0142o si\u0119 brzemienne w skutkach&#8230; Ma\u0142a parasolka po\u0142\u0105czy\u0142a dwa kochaj\u0105ce serca, kt\u00f3re zdo\u0142a\u0142y przenie\u015b\u0107 przez lata ciep\u0142e i czu\u0142e uczucia. Ma\u0142a parasolka po\u0142\u0105czy\u0142a dwa kochaj\u0105ce serca, kt\u00f3re przez lata by\u0142y w stanie nie\u015b\u0107 ciep\u0142e i czu\u0142e uczucia. Ten brelok jest wspomnieniem&#8230;<\/p>\n","protected":false},"featured_media":60332,"template":"","meta":{"_acf_changed":false},"product_brand":[],"product_cat":[576],"product_tag":[],"class_list":{"0":"post-44876","1":"product","2":"type-product","3":"status-publish","4":"has-post-thumbnail","6":"product_cat-other-pl","8":"first","9":"instock","10":"product-type-simple"},"acf":[],"_links":{"self":[{"href":"https:\/\/zl.jewelry\/pl\/wp-json\/wp\/v2\/product\/44876","targetHints":{"allow":["GET"]}}],"collection":[{"href":"https:\/\/zl.jewelry\/pl\/wp-json\/wp\/v2\/product"}],"about":[{"href":"https:\/\/zl.jewelry\/pl\/wp-json\/wp\/v2\/types\/product"}],"wp:featuredmedia":[{"embeddable":true,"href":"https:\/\/zl.jewelry\/pl\/wp-json\/wp\/v2\/media\/60332"}],"wp:attachment":[{"href":"https:\/\/zl.jewelry\/pl\/wp-json\/wp\/v2\/media?parent=44876"}],"wp:term":[{"taxonomy":"product_brand","embeddable":true,"href":"https:\/\/zl.jewelry\/pl\/wp-json\/wp\/v2\/product_brand?post=44876"},{"taxonomy":"product_cat","embeddable":true,"href":"https:\/\/zl.jewelry\/pl\/wp-json\/wp\/v2\/product_cat?post=44876"},{"taxonomy":"product_tag","embeddable":true,"href":"https:\/\/zl.jewelry\/pl\/wp-json\/wp\/v2\/product_tag?post=44876"}],"curies":[{"name":"wp","href":"https:\/\/api.w.org\/{rel}","templated":true}]}}