{"id":44862,"date":"2025-06-18T10:58:22","date_gmt":"2025-06-18T10:58:22","guid":{"rendered":"https:\/\/zl.jewelry\/product\/necklace-mother-and-child-with-diamonds\/"},"modified":"2025-09-26T18:29:14","modified_gmt":"2025-09-26T18:29:14","slug":"necklace-mother-and-child-with-diamonds","status":"publish","type":"product","link":"https:\/\/zl.jewelry\/pl\/product\/necklace-mother-and-child-with-diamonds\/","title":{"rendered":"Kolia &#8222;Matka i dziecko&#8221; wysadzany diamentami"},"content":{"rendered":"<p>Kolia z bia\u0142ego z\u0142ota, rodowany. D\u0142ugo\u015b\u0107 Koliaa to 45cm (mo\u017cemy wykona\u0107 dowoln\u0105 d\u0142ugo\u015b\u0107). Waga z\u0142ota wynosi 6,22 grama. Waga zmienia si\u0119 wraz z d\u0142ugo\u015bci\u0105. Wk\u0142adki fianitowe 3,5mm &#8211; 1szt; 1,5mm &#8211; 22szt; 1,25mm &#8211; 7szt; 1mm &#8211; 6szt.<\/p>\n","protected":false},"excerpt":{"rendered":"<p>Kolia z bia\u0142ego z\u0142ota, rodowany. D\u0142ugo\u015b\u0107 Koliaa to 45cm (mo\u017cemy wykona\u0107 dowoln\u0105 d\u0142ugo\u015b\u0107). Waga z\u0142ota wynosi 6,22 grama. Waga zmienia si\u0119 wraz z d\u0142ugo\u015bci\u0105. Wk\u0142adki fianitowe 3,5mm &#8211; 1szt; 1,5mm &#8211; 22szt; 1,25mm &#8211; 7szt; 1mm &#8211; 6szt.<\/p>\n","protected":false},"featured_media":60260,"template":"","meta":{"_acf_changed":false},"product_brand":[],"product_cat":[571,572,574],"product_tag":[],"class_list":{"0":"post-44862","1":"product","2":"type-product","3":"status-publish","4":"has-post-thumbnail","6":"product_cat-exclusive-necklaces-pl","7":"product_cat-necklace-with-diamonds-pl","8":"product_cat-with-rocks-3-pl","10":"first","11":"instock","12":"product-type-simple"},"acf":[],"_links":{"self":[{"href":"https:\/\/zl.jewelry\/pl\/wp-json\/wp\/v2\/product\/44862","targetHints":{"allow":["GET"]}}],"collection":[{"href":"https:\/\/zl.jewelry\/pl\/wp-json\/wp\/v2\/product"}],"about":[{"href":"https:\/\/zl.jewelry\/pl\/wp-json\/wp\/v2\/types\/product"}],"wp:featuredmedia":[{"embeddable":true,"href":"https:\/\/zl.jewelry\/pl\/wp-json\/wp\/v2\/media\/60260"}],"wp:attachment":[{"href":"https:\/\/zl.jewelry\/pl\/wp-json\/wp\/v2\/media?parent=44862"}],"wp:term":[{"taxonomy":"product_brand","embeddable":true,"href":"https:\/\/zl.jewelry\/pl\/wp-json\/wp\/v2\/product_brand?post=44862"},{"taxonomy":"product_cat","embeddable":true,"href":"https:\/\/zl.jewelry\/pl\/wp-json\/wp\/v2\/product_cat?post=44862"},{"taxonomy":"product_tag","embeddable":true,"href":"https:\/\/zl.jewelry\/pl\/wp-json\/wp\/v2\/product_tag?post=44862"}],"curies":[{"name":"wp","href":"https:\/\/api.w.org\/{rel}","templated":true}]}}