{"id":44832,"date":"2025-06-18T10:58:28","date_gmt":"2025-06-18T10:58:28","guid":{"rendered":"https:\/\/zl.jewelry\/product\/icon-folder-nicholas-the-wonderworker\/"},"modified":"2025-09-26T18:29:18","modified_gmt":"2025-09-26T18:29:18","slug":"icon-folder-nicholas-the-wonderworker","status":"publish","type":"product","link":"https:\/\/zl.jewelry\/pl\/product\/icon-folder-nicholas-the-wonderworker\/","title":{"rendered":"Szafa z ikonami &#8222;Miko\u0142aj Cudotw\u00f3rca&#8221;"},"content":{"rendered":"<p>Ikona &#8211; obudowa z czerwonego i bia\u0142ego z\u0142ota. Waga zale\u017cy od wymiar\u00f3w, przy przybli\u017conej \u015brednicy 15 &#8211; 20mm, waga z\u0142ota 3,30 grama.&nbsp; Na przedniej cz\u0119\u015bci wymodelowane li\u015bcie i ki\u015bcie winogron. Wewn\u0105trz wymodelowany wizeplnek Miko\u0142aja. Twarz \u015bwi\u0119tego, li\u015bcie i ki\u015bcie winogron wykonane s\u0105 z bia\u0142ego z\u0142ota, rodowane.<\/p>\n","protected":false},"excerpt":{"rendered":"<p>Ikona &#8211; obudowa z czerwonego i bia\u0142ego z\u0142ota. Waga zale\u017cy od wymiar\u00f3w, przy przybli\u017conej \u015brednicy 15 &#8211; 20mm, waga z\u0142ota 3,30 grama.&nbsp; Na przedniej cz\u0119\u015bci wymodelowane li\u015bcie i ki\u015bcie winogron. Wewn\u0105trz wymodelowany wizeplnek Miko\u0142aja. Twarz \u015bwi\u0119tego, li\u015bcie i ki\u015bcie winogron wykonane s\u0105 z bia\u0142ego z\u0142ota, rodowane.<\/p>\n","protected":false},"featured_media":61946,"template":"","meta":{"_acf_changed":false},"product_brand":[],"product_cat":[500,501,503],"product_tag":[],"class_list":{"0":"post-44832","1":"product","2":"type-product","3":"status-publish","4":"has-post-thumbnail","6":"product_cat-golden-icons-pl","7":"product_cat-baby-icons-pl","8":"product_cat-with-stones-pl","10":"first","11":"instock","12":"product-type-simple"},"acf":[],"_links":{"self":[{"href":"https:\/\/zl.jewelry\/pl\/wp-json\/wp\/v2\/product\/44832","targetHints":{"allow":["GET"]}}],"collection":[{"href":"https:\/\/zl.jewelry\/pl\/wp-json\/wp\/v2\/product"}],"about":[{"href":"https:\/\/zl.jewelry\/pl\/wp-json\/wp\/v2\/types\/product"}],"wp:featuredmedia":[{"embeddable":true,"href":"https:\/\/zl.jewelry\/pl\/wp-json\/wp\/v2\/media\/61946"}],"wp:attachment":[{"href":"https:\/\/zl.jewelry\/pl\/wp-json\/wp\/v2\/media?parent=44832"}],"wp:term":[{"taxonomy":"product_brand","embeddable":true,"href":"https:\/\/zl.jewelry\/pl\/wp-json\/wp\/v2\/product_brand?post=44832"},{"taxonomy":"product_cat","embeddable":true,"href":"https:\/\/zl.jewelry\/pl\/wp-json\/wp\/v2\/product_cat?post=44832"},{"taxonomy":"product_tag","embeddable":true,"href":"https:\/\/zl.jewelry\/pl\/wp-json\/wp\/v2\/product_tag?post=44832"}],"curies":[{"name":"wp","href":"https:\/\/api.w.org\/{rel}","templated":true}]}}