{"id":44826,"date":"2025-06-18T10:58:28","date_gmt":"2025-06-18T10:58:28","guid":{"rendered":"https:\/\/zl.jewelry\/product\/cross-crucifixion-with-black-and-white-stones\/"},"modified":"2025-09-26T18:29:18","modified_gmt":"2025-09-26T18:29:18","slug":"cross-crucifixion-with-black-and-white-stones","status":"publish","type":"product","link":"https:\/\/zl.jewelry\/pl\/product\/cross-crucifixion-with-black-and-white-stones\/","title":{"rendered":"Krzy\u017c &#8222;Ukrzy\u017cowanie&#8221; z czarnymi i bia\u0142ymi kamieniami"},"content":{"rendered":"","protected":false},"excerpt":{"rendered":"","protected":false},"featured_media":44827,"template":"","meta":{"_acf_changed":false},"product_brand":[],"product_cat":[504,506,510,512],"product_tag":[],"class_list":{"0":"post-44826","1":"product","2":"type-product","3":"status-publish","4":"has-post-thumbnail","6":"product_cat-golden-crosses-pl","7":"product_cat-crosses-with-stones-pl","8":"product_cat-mens-crosses-pl","9":"product_cat-with-diamonds-pl","11":"first","12":"instock","13":"product-type-simple"},"acf":[],"_links":{"self":[{"href":"https:\/\/zl.jewelry\/pl\/wp-json\/wp\/v2\/product\/44826","targetHints":{"allow":["GET"]}}],"collection":[{"href":"https:\/\/zl.jewelry\/pl\/wp-json\/wp\/v2\/product"}],"about":[{"href":"https:\/\/zl.jewelry\/pl\/wp-json\/wp\/v2\/types\/product"}],"wp:featuredmedia":[{"embeddable":true,"href":"https:\/\/zl.jewelry\/pl\/wp-json\/wp\/v2\/media\/44827"}],"wp:attachment":[{"href":"https:\/\/zl.jewelry\/pl\/wp-json\/wp\/v2\/media?parent=44826"}],"wp:term":[{"taxonomy":"product_brand","embeddable":true,"href":"https:\/\/zl.jewelry\/pl\/wp-json\/wp\/v2\/product_brand?post=44826"},{"taxonomy":"product_cat","embeddable":true,"href":"https:\/\/zl.jewelry\/pl\/wp-json\/wp\/v2\/product_cat?post=44826"},{"taxonomy":"product_tag","embeddable":true,"href":"https:\/\/zl.jewelry\/pl\/wp-json\/wp\/v2\/product_tag?post=44826"}],"curies":[{"name":"wp","href":"https:\/\/api.w.org\/{rel}","templated":true}]}}