{"id":44822,"date":"2025-06-18T10:58:28","date_gmt":"2025-06-18T10:58:28","guid":{"rendered":"https:\/\/zl.jewelry\/product\/pendant-mother-and-child-with-mother-of-pearl\/"},"modified":"2025-09-26T18:29:17","modified_gmt":"2025-09-26T18:29:17","slug":"pendant-mother-and-child-with-mother-of-pearl","status":"publish","type":"product","link":"https:\/\/zl.jewelry\/pl\/product\/pendant-mother-and-child-with-mother-of-pearl\/","title":{"rendered":"Wisiorek &#8222;Matka i dziecko&#8221; z mas\u0105 per\u0142ow\u0105"},"content":{"rendered":"","protected":false},"excerpt":{"rendered":"","protected":false},"featured_media":44823,"template":"","meta":{"_acf_changed":false},"product_brand":[],"product_cat":[563,566,567,569,570],"product_tag":[],"class_list":{"0":"post-44822","1":"product","2":"type-product","3":"status-publish","4":"has-post-thumbnail","6":"product_cat-gold-pendants-pl","7":"product_cat-with-cubic-zirconia-2-pl","8":"product_cat-with-diamonds-2-pl","9":"product_cat-with-pearls-3-pl","10":"product_cat-with-rocks-2-pl","12":"first","13":"instock","14":"product-type-simple"},"acf":[],"_links":{"self":[{"href":"https:\/\/zl.jewelry\/pl\/wp-json\/wp\/v2\/product\/44822","targetHints":{"allow":["GET"]}}],"collection":[{"href":"https:\/\/zl.jewelry\/pl\/wp-json\/wp\/v2\/product"}],"about":[{"href":"https:\/\/zl.jewelry\/pl\/wp-json\/wp\/v2\/types\/product"}],"wp:featuredmedia":[{"embeddable":true,"href":"https:\/\/zl.jewelry\/pl\/wp-json\/wp\/v2\/media\/44823"}],"wp:attachment":[{"href":"https:\/\/zl.jewelry\/pl\/wp-json\/wp\/v2\/media?parent=44822"}],"wp:term":[{"taxonomy":"product_brand","embeddable":true,"href":"https:\/\/zl.jewelry\/pl\/wp-json\/wp\/v2\/product_brand?post=44822"},{"taxonomy":"product_cat","embeddable":true,"href":"https:\/\/zl.jewelry\/pl\/wp-json\/wp\/v2\/product_cat?post=44822"},{"taxonomy":"product_tag","embeddable":true,"href":"https:\/\/zl.jewelry\/pl\/wp-json\/wp\/v2\/product_tag?post=44822"}],"curies":[{"name":"wp","href":"https:\/\/api.w.org\/{rel}","templated":true}]}}