{"id":44814,"date":"2025-06-18T10:58:28","date_gmt":"2025-06-18T10:58:28","guid":{"rendered":"https:\/\/zl.jewelry\/product\/gold-engagement-ring-parallels\/"},"modified":"2026-04-29T15:13:17","modified_gmt":"2026-04-29T15:13:17","slug":"gold-engagement-ring-parallels","status":"publish","type":"product","link":"https:\/\/zl.jewelry\/pl\/product\/gold-engagement-ring-parallels\/","title":{"rendered":"Z\u0142oty pier\u015bcionek zar\u0119czynowy &#8222;Parallels&#8221;"},"content":{"rendered":"<section class=\"l-section wpb_row height_small\"><div class=\"l-section-h i-cf\"><div class=\"g-cols vc_row via_flex valign_top type_default stacking_default\"><div class=\"vc_col-sm-12 wpb_column vc_column_container\"><div class=\"vc_column-inner\"><div class=\"wpb_wrapper\"><div class=\"wpb_text_column\"><div class=\"wpb_wrapper\"><p>Pier\u015bcionek z czerwonego z\u0142ota; waga zale\u017cy od rozmiaru bi\u017cuterii. W rozmiarze 17,5 wa\u017cy 3,50 grama. Pier\u015bcionek jest wysadzany kamieniami o \u015brednicy 3,5 mm; 1,25 (17 sztuk). Istnieje mo\u017cliwo\u015b\u0107 wysadzenia dowolnych kamieni zgodnie z \u017cyczeniem klienta.<\/p>\n<\/div><\/div><\/div><\/div><\/div><\/div><\/div><\/section>\n","protected":false},"excerpt":{"rendered":"Pier\u015bcionek z czerwonego z\u0142ota; waga zale\u017cy od rozmiaru bi\u017cuterii. W rozmiarze 17,5 wa\u017cy 3,50 grama. Pier\u015bcionek jest wysadzany kamieniami o \u015brednicy 3,5 mm; 1,25 (17 sztuk). Istnieje mo\u017cliwo\u015b\u0107 wysadzenia dowolnych kamieni zgodnie z \u017cyczeniem klienta.","protected":false},"featured_media":44815,"template":"","meta":{"_acf_changed":false},"product_brand":[],"product_cat":[524,523,526],"product_tag":[],"class_list":{"0":"post-44814","1":"product","2":"type-product","3":"status-publish","4":"has-post-thumbnail","6":"product_cat-engagement-rings-with-diamonds-pl","7":"product_cat-engagement-rings-pl","8":"product_cat-red-gold-engagement-rings-pl","10":"first","11":"instock","12":"product-type-simple"},"acf":[],"_links":{"self":[{"href":"https:\/\/zl.jewelry\/pl\/wp-json\/wp\/v2\/product\/44814","targetHints":{"allow":["GET"]}}],"collection":[{"href":"https:\/\/zl.jewelry\/pl\/wp-json\/wp\/v2\/product"}],"about":[{"href":"https:\/\/zl.jewelry\/pl\/wp-json\/wp\/v2\/types\/product"}],"wp:featuredmedia":[{"embeddable":true,"href":"https:\/\/zl.jewelry\/pl\/wp-json\/wp\/v2\/media\/44815"}],"wp:attachment":[{"href":"https:\/\/zl.jewelry\/pl\/wp-json\/wp\/v2\/media?parent=44814"}],"wp:term":[{"taxonomy":"product_brand","embeddable":true,"href":"https:\/\/zl.jewelry\/pl\/wp-json\/wp\/v2\/product_brand?post=44814"},{"taxonomy":"product_cat","embeddable":true,"href":"https:\/\/zl.jewelry\/pl\/wp-json\/wp\/v2\/product_cat?post=44814"},{"taxonomy":"product_tag","embeddable":true,"href":"https:\/\/zl.jewelry\/pl\/wp-json\/wp\/v2\/product_tag?post=44814"}],"curies":[{"name":"wp","href":"https:\/\/api.w.org\/{rel}","templated":true}]}}