{"id":44808,"date":"2025-06-18T10:58:28","date_gmt":"2025-06-18T10:58:28","guid":{"rendered":"https:\/\/zl.jewelry\/product\/pendant-witch-with-sapphires\/"},"modified":"2025-09-26T18:29:16","modified_gmt":"2025-09-26T18:29:16","slug":"pendant-witch-with-sapphires","status":"publish","type":"product","link":"https:\/\/zl.jewelry\/pl\/product\/pendant-witch-with-sapphires\/","title":{"rendered":"Wisiorek &#8222;Czarownica&#8221; z szafirami"},"content":{"rendered":"<p>Pier\u015bcionek z po\u0142\u0105czenia cytrynowego i bia\u0142ego z\u0142ota, z \u0142a\u0144cuszkiem o d\u0142ugo\u015bci oko\u0142o 50cm, o wadze 8,25 grama. Osadzone kamienie o \u015brednicach 1,25mm (2szt); 1,00mm (25szt). Cz\u0119\u015bci z bia\u0142ego z\u0142ota s\u0105 rodowane.<\/p>\n","protected":false},"excerpt":{"rendered":"<p>Pier\u015bcionek z po\u0142\u0105czenia cytrynowego i bia\u0142ego z\u0142ota, z \u0142a\u0144cuszkiem o d\u0142ugo\u015bci oko\u0142o 50cm, o wadze 8,25 grama. Osadzone kamienie o \u015brednicach 1,25mm (2szt); 1,00mm (25szt). Cz\u0119\u015bci z bia\u0142ego z\u0142ota s\u0105 rodowane.<\/p>\n","protected":false},"featured_media":44809,"template":"","meta":{"_acf_changed":false},"product_brand":[],"product_cat":[571,572,574],"product_tag":[],"class_list":{"0":"post-44808","1":"product","2":"type-product","3":"status-publish","4":"has-post-thumbnail","6":"product_cat-exclusive-necklaces-pl","7":"product_cat-necklace-with-diamonds-pl","8":"product_cat-with-rocks-3-pl","10":"first","11":"instock","12":"product-type-simple"},"acf":[],"_links":{"self":[{"href":"https:\/\/zl.jewelry\/pl\/wp-json\/wp\/v2\/product\/44808","targetHints":{"allow":["GET"]}}],"collection":[{"href":"https:\/\/zl.jewelry\/pl\/wp-json\/wp\/v2\/product"}],"about":[{"href":"https:\/\/zl.jewelry\/pl\/wp-json\/wp\/v2\/types\/product"}],"wp:featuredmedia":[{"embeddable":true,"href":"https:\/\/zl.jewelry\/pl\/wp-json\/wp\/v2\/media\/44809"}],"wp:attachment":[{"href":"https:\/\/zl.jewelry\/pl\/wp-json\/wp\/v2\/media?parent=44808"}],"wp:term":[{"taxonomy":"product_brand","embeddable":true,"href":"https:\/\/zl.jewelry\/pl\/wp-json\/wp\/v2\/product_brand?post=44808"},{"taxonomy":"product_cat","embeddable":true,"href":"https:\/\/zl.jewelry\/pl\/wp-json\/wp\/v2\/product_cat?post=44808"},{"taxonomy":"product_tag","embeddable":true,"href":"https:\/\/zl.jewelry\/pl\/wp-json\/wp\/v2\/product_tag?post=44808"}],"curies":[{"name":"wp","href":"https:\/\/api.w.org\/{rel}","templated":true}]}}