{"id":44806,"date":"2025-06-18T10:58:28","date_gmt":"2025-06-18T10:58:28","guid":{"rendered":"https:\/\/zl.jewelry\/product\/pendant-fak\/"},"modified":"2025-09-26T18:29:16","modified_gmt":"2025-09-26T18:29:16","slug":"pendant-fak","status":"publish","type":"product","link":"https:\/\/zl.jewelry\/pl\/product\/pendant-fak\/","title":{"rendered":"Wisiorek &#8222;Fak&#8221;"},"content":{"rendered":"<p>Wisiorek z czerwonego z\u0142ota pr\u00f3by 585*, wa\u017c\u0105cy od 8 gram\u00f3w. Na gwo\u017adziu znajduje si\u0119 diament o \u015brednicy 2 mm. Wysoko\u015b\u0107 wisiorka od 20mm.<\/p>\n","protected":false},"excerpt":{"rendered":"<p>Wisiorek z czerwonego z\u0142ota pr\u00f3by 585*, wa\u017c\u0105cy od 8 gram\u00f3w. Na gwo\u017adziu znajduje si\u0119 diament o \u015brednicy 2 mm. Wysoko\u015b\u0107 wisiorka od 20mm.<\/p>\n","protected":false},"featured_media":44807,"template":"","meta":{"_acf_changed":false},"product_brand":[],"product_cat":[563,566,567,570],"product_tag":[],"class_list":{"0":"post-44806","1":"product","2":"type-product","3":"status-publish","4":"has-post-thumbnail","6":"product_cat-gold-pendants-pl","7":"product_cat-with-cubic-zirconia-2-pl","8":"product_cat-with-diamonds-2-pl","9":"product_cat-with-rocks-2-pl","11":"first","12":"instock","13":"product-type-simple"},"acf":[],"_links":{"self":[{"href":"https:\/\/zl.jewelry\/pl\/wp-json\/wp\/v2\/product\/44806","targetHints":{"allow":["GET"]}}],"collection":[{"href":"https:\/\/zl.jewelry\/pl\/wp-json\/wp\/v2\/product"}],"about":[{"href":"https:\/\/zl.jewelry\/pl\/wp-json\/wp\/v2\/types\/product"}],"wp:featuredmedia":[{"embeddable":true,"href":"https:\/\/zl.jewelry\/pl\/wp-json\/wp\/v2\/media\/44807"}],"wp:attachment":[{"href":"https:\/\/zl.jewelry\/pl\/wp-json\/wp\/v2\/media?parent=44806"}],"wp:term":[{"taxonomy":"product_brand","embeddable":true,"href":"https:\/\/zl.jewelry\/pl\/wp-json\/wp\/v2\/product_brand?post=44806"},{"taxonomy":"product_cat","embeddable":true,"href":"https:\/\/zl.jewelry\/pl\/wp-json\/wp\/v2\/product_cat?post=44806"},{"taxonomy":"product_tag","embeddable":true,"href":"https:\/\/zl.jewelry\/pl\/wp-json\/wp\/v2\/product_tag?post=44806"}],"curies":[{"name":"wp","href":"https:\/\/api.w.org\/{rel}","templated":true}]}}