{"id":44765,"date":"2025-06-18T10:58:34","date_gmt":"2025-06-18T10:58:34","guid":{"rendered":"https:\/\/zl.jewelry\/product\/ring-grid-with-stones\/"},"modified":"2025-09-26T18:29:21","modified_gmt":"2025-09-26T18:29:21","slug":"ring-grid-with-stones","status":"publish","type":"product","link":"https:\/\/zl.jewelry\/pl\/product\/ring-grid-with-stones\/","title":{"rendered":"&#8222;Aksamitny&#8221; pier\u015bcionek z kamieniami"},"content":{"rendered":"<p>Pier\u015bcionek z czerwonego z\u0142ota, w rozmiarze 16, waga z\u0142ota&nbsp;2,20. Wstawione kamienie o \u015brednicy 2mm.<\/p>\n<p>_x000D_<\/p>\n","protected":false},"excerpt":{"rendered":"<p>Pier\u015bcionek z czerwonego z\u0142ota, w rozmiarze 16, waga z\u0142ota&nbsp;2,20. Wstawione kamienie o \u015brednicy 2mm. _x000D_<\/p>\n","protected":false},"featured_media":44766,"template":"","meta":{"_acf_changed":false},"product_brand":[],"product_cat":[514,518,519,522],"product_tag":[],"class_list":{"0":"post-44765","1":"product","2":"type-product","3":"status-publish","4":"has-post-thumbnail","6":"product_cat-golden-rings-pl","7":"product_cat-red-gold-rings-pl","8":"product_cat-rings-with-diamonds-pl","9":"product_cat-with-rocks-pl","11":"first","12":"instock","13":"product-type-simple"},"acf":[],"_links":{"self":[{"href":"https:\/\/zl.jewelry\/pl\/wp-json\/wp\/v2\/product\/44765","targetHints":{"allow":["GET"]}}],"collection":[{"href":"https:\/\/zl.jewelry\/pl\/wp-json\/wp\/v2\/product"}],"about":[{"href":"https:\/\/zl.jewelry\/pl\/wp-json\/wp\/v2\/types\/product"}],"wp:featuredmedia":[{"embeddable":true,"href":"https:\/\/zl.jewelry\/pl\/wp-json\/wp\/v2\/media\/44766"}],"wp:attachment":[{"href":"https:\/\/zl.jewelry\/pl\/wp-json\/wp\/v2\/media?parent=44765"}],"wp:term":[{"taxonomy":"product_brand","embeddable":true,"href":"https:\/\/zl.jewelry\/pl\/wp-json\/wp\/v2\/product_brand?post=44765"},{"taxonomy":"product_cat","embeddable":true,"href":"https:\/\/zl.jewelry\/pl\/wp-json\/wp\/v2\/product_cat?post=44765"},{"taxonomy":"product_tag","embeddable":true,"href":"https:\/\/zl.jewelry\/pl\/wp-json\/wp\/v2\/product_tag?post=44765"}],"curies":[{"name":"wp","href":"https:\/\/api.w.org\/{rel}","templated":true}]}}