{"id":44719,"date":"2025-06-18T10:58:40","date_gmt":"2025-06-18T10:58:40","guid":{"rendered":"https:\/\/zl.jewelry\/product\/broach-earrings-astra-with-diamond\/"},"modified":"2025-09-26T18:29:27","modified_gmt":"2025-09-26T18:29:27","slug":"broach-earrings-astra-with-diamond","status":"publish","type":"product","link":"https:\/\/zl.jewelry\/pl\/product\/broach-earrings-astra-with-diamond\/","title":{"rendered":"Kolczyki &#8222;Astra&#8221; z diamentami"},"content":{"rendered":"<p>Kolczyki &#8211; brosze z bia\u0142ego z\u0142ota, platerowane rodem. Waga z\u0142ota w kolczykach to 2,50 grama, d\u0142ugo\u015b\u0107 \u0142a\u0144cuszka od \u0142uku to 5 cm. Z przodu na \u015brodku znajduje si\u0119 kamie\u0144 o \u015brednicy 2,25 mm (2 szt.)..<\/p>\n","protected":false},"excerpt":{"rendered":"<p>Kolczyki &#8211; brosze z bia\u0142ego z\u0142ota, platerowane rodem. Waga z\u0142ota w kolczykach to 2,50 grama, d\u0142ugo\u015b\u0107 \u0142a\u0144cuszka od \u0142uku to 5 cm. Z przodu na \u015brodku znajduje si\u0119 kamie\u0144 o \u015brednicy 2,25 mm (2 szt.)..<\/p>\n","protected":false},"featured_media":44720,"template":"","meta":{"_acf_changed":false},"product_brand":[],"product_cat":[538,545,546,548,550],"product_tag":[],"class_list":{"0":"post-44719","1":"product","2":"type-product","3":"status-publish","4":"has-post-thumbnail","6":"product_cat-gold-earrings-pl","7":"product_cat-earrings-up-to-5g-pl","8":"product_cat-earrings-with-diamonds-pl","9":"product_cat-earrings-with-stones-pl","10":"product_cat-with-cubic-zirkonia-pl","12":"first","13":"instock","14":"product-type-simple"},"acf":[],"_links":{"self":[{"href":"https:\/\/zl.jewelry\/pl\/wp-json\/wp\/v2\/product\/44719","targetHints":{"allow":["GET"]}}],"collection":[{"href":"https:\/\/zl.jewelry\/pl\/wp-json\/wp\/v2\/product"}],"about":[{"href":"https:\/\/zl.jewelry\/pl\/wp-json\/wp\/v2\/types\/product"}],"wp:featuredmedia":[{"embeddable":true,"href":"https:\/\/zl.jewelry\/pl\/wp-json\/wp\/v2\/media\/44720"}],"wp:attachment":[{"href":"https:\/\/zl.jewelry\/pl\/wp-json\/wp\/v2\/media?parent=44719"}],"wp:term":[{"taxonomy":"product_brand","embeddable":true,"href":"https:\/\/zl.jewelry\/pl\/wp-json\/wp\/v2\/product_brand?post=44719"},{"taxonomy":"product_cat","embeddable":true,"href":"https:\/\/zl.jewelry\/pl\/wp-json\/wp\/v2\/product_cat?post=44719"},{"taxonomy":"product_tag","embeddable":true,"href":"https:\/\/zl.jewelry\/pl\/wp-json\/wp\/v2\/product_tag?post=44719"}],"curies":[{"name":"wp","href":"https:\/\/api.w.org\/{rel}","templated":true}]}}