{"id":44717,"date":"2025-06-18T10:58:40","date_gmt":"2025-06-18T10:58:40","guid":{"rendered":"https:\/\/zl.jewelry\/product\/cross-on-a-tree-3\/"},"modified":"2026-04-29T09:17:47","modified_gmt":"2026-04-29T09:17:47","slug":"cross-on-a-tree-3","status":"publish","type":"product","link":"https:\/\/zl.jewelry\/pl\/product\/cross-on-a-tree-3\/","title":{"rendered":"Krzy\u017c na drzewie"},"content":{"rendered":"<div><span style=\"background-color: #ffffff; color: #4a4a4a; font-family: helvetica,sans-serif; font-size: 14px;\">Heban\u00a0heban to\u00a0\u00a0czarne\u00a0 (lub czarne z paskami) drewno\u00a0niekt\u00f3rych drzew z rodzaju Persimmon (Diospyros) z rodziny hebanowatych (Ebenaceae). Twardziel jest bardzo twarda i ci\u0119\u017cka i nale\u017cy do najcenniejszych gatunk\u00f3w drewna. G\u0119sto\u015b\u0107 hebanu wynosi 1050 kg\/m3 przy 15% wilgotno\u015bci. Drewno tonie w wodzie.<\/span><\/div>\n","protected":false},"excerpt":{"rendered":"<p>Heban\u00a0heban to\u00a0\u00a0czarne\u00a0 (lub czarne z paskami) drewno\u00a0niekt\u00f3rych drzew z rodzaju Persimmon (Diospyros) z rodziny hebanowatych (Ebenaceae). Twardziel jest bardzo twarda i ci\u0119\u017cka i nale\u017cy do najcenniejszych gatunk\u00f3w drewna. G\u0119sto\u015b\u0107 hebanu wynosi 1050 kg\/m3 przy 15% wilgotno\u015bci. Drewno tonie w wodzie.<\/p>\n","protected":false},"featured_media":36117,"template":"","meta":{"_acf_changed":false},"product_brand":[],"product_cat":[511,510,504],"product_tag":[],"class_list":{"0":"post-44717","1":"product","2":"type-product","3":"status-publish","4":"has-post-thumbnail","6":"product_cat-on-an-ebony-tree-2-pl","7":"product_cat-mens-crosses-pl","8":"product_cat-golden-crosses-pl","10":"first","11":"instock","12":"product-type-simple"},"acf":[],"_links":{"self":[{"href":"https:\/\/zl.jewelry\/pl\/wp-json\/wp\/v2\/product\/44717","targetHints":{"allow":["GET"]}}],"collection":[{"href":"https:\/\/zl.jewelry\/pl\/wp-json\/wp\/v2\/product"}],"about":[{"href":"https:\/\/zl.jewelry\/pl\/wp-json\/wp\/v2\/types\/product"}],"wp:featuredmedia":[{"embeddable":true,"href":"https:\/\/zl.jewelry\/pl\/wp-json\/wp\/v2\/media\/36117"}],"wp:attachment":[{"href":"https:\/\/zl.jewelry\/pl\/wp-json\/wp\/v2\/media?parent=44717"}],"wp:term":[{"taxonomy":"product_brand","embeddable":true,"href":"https:\/\/zl.jewelry\/pl\/wp-json\/wp\/v2\/product_brand?post=44717"},{"taxonomy":"product_cat","embeddable":true,"href":"https:\/\/zl.jewelry\/pl\/wp-json\/wp\/v2\/product_cat?post=44717"},{"taxonomy":"product_tag","embeddable":true,"href":"https:\/\/zl.jewelry\/pl\/wp-json\/wp\/v2\/product_tag?post=44717"}],"curies":[{"name":"wp","href":"https:\/\/api.w.org\/{rel}","templated":true}]}}