{"id":44703,"date":"2025-06-18T10:58:47","date_gmt":"2025-06-18T10:58:47","guid":{"rendered":"https:\/\/zl.jewelry\/product\/congo-earrings-ruzanna-with-diamonds\/"},"modified":"2025-09-26T18:29:35","modified_gmt":"2025-09-26T18:29:35","slug":"congo-earrings-ruzanna-with-diamonds","status":"publish","type":"product","link":"https:\/\/zl.jewelry\/pl\/product\/congo-earrings-ruzanna-with-diamonds\/","title":{"rendered":"Kolczyki kongo  &#8222;Ruzanna&#8221; z diamentami"},"content":{"rendered":"<p>Sergi &#8211; obr\u0105czki z czerwonego z\u0142ota, waga 9,70 grama. \u015arednica kulek 7,75mm; 5,5mm, \u015brednica kamieni na zawieszce 3,5 &#8211; 4,00mm. Wszystkie zawieszki s\u0105 zdejmowane.&nbsp;<\/p>\n<p>_x000D_<\/p>\n","protected":false},"excerpt":{"rendered":"<p>Sergi &#8211; obr\u0105czki z czerwonego z\u0142ota, waga 9,70 grama. \u015arednica kulek 7,75mm; 5,5mm, \u015brednica kamieni na zawieszce 3,5 &#8211; 4,00mm. Wszystkie zawieszki s\u0105 zdejmowane.&nbsp; _x000D_<\/p>\n","protected":false},"featured_media":44704,"template":"","meta":{"_acf_changed":false},"product_brand":[],"product_cat":[538,540,543,544,546,548,550],"product_tag":[],"class_list":{"0":"post-44703","1":"product","2":"type-product","3":"status-publish","4":"has-post-thumbnail","6":"product_cat-gold-earrings-pl","7":"product_cat-congo-earrings-pl","8":"product_cat-earrings-transformers-pl","9":"product_cat-earrings-from-5gr-pl","10":"product_cat-earrings-with-diamonds-pl","11":"product_cat-earrings-with-stones-pl","12":"product_cat-with-cubic-zirkonia-pl","14":"first","15":"instock","16":"product-type-simple"},"acf":[],"_links":{"self":[{"href":"https:\/\/zl.jewelry\/pl\/wp-json\/wp\/v2\/product\/44703","targetHints":{"allow":["GET"]}}],"collection":[{"href":"https:\/\/zl.jewelry\/pl\/wp-json\/wp\/v2\/product"}],"about":[{"href":"https:\/\/zl.jewelry\/pl\/wp-json\/wp\/v2\/types\/product"}],"wp:featuredmedia":[{"embeddable":true,"href":"https:\/\/zl.jewelry\/pl\/wp-json\/wp\/v2\/media\/44704"}],"wp:attachment":[{"href":"https:\/\/zl.jewelry\/pl\/wp-json\/wp\/v2\/media?parent=44703"}],"wp:term":[{"taxonomy":"product_brand","embeddable":true,"href":"https:\/\/zl.jewelry\/pl\/wp-json\/wp\/v2\/product_brand?post=44703"},{"taxonomy":"product_cat","embeddable":true,"href":"https:\/\/zl.jewelry\/pl\/wp-json\/wp\/v2\/product_cat?post=44703"},{"taxonomy":"product_tag","embeddable":true,"href":"https:\/\/zl.jewelry\/pl\/wp-json\/wp\/v2\/product_tag?post=44703"}],"curies":[{"name":"wp","href":"https:\/\/api.w.org\/{rel}","templated":true}]}}