{"id":44691,"date":"2025-06-18T10:58:47","date_gmt":"2025-06-18T10:58:47","guid":{"rendered":"https:\/\/zl.jewelry\/product\/piercing-with-etalon-logo-with-enamel\/"},"modified":"2025-09-26T18:29:34","modified_gmt":"2025-09-26T18:29:34","slug":"piercing-with-etalon-logo-with-enamel","status":"publish","type":"product","link":"https:\/\/zl.jewelry\/pl\/product\/piercing-with-etalon-logo-with-enamel\/","title":{"rendered":"Emaliowany piercing z logo &#8222;Etalon&#8221;"},"content":{"rendered":"<p>Na piercingu widnieje logo Studia Estetyki Cia\u0142a &nbsp;&quot;Etalon&quot;.<\/p>\n<p>_x000D_<br \/>\n_x000D_<\/p>\n<p><img decoding=\"async\" alt=\"\" src=\"\/upload\/userfiles\/etalon.jpg\" style=\"height:595px; width:1280px\" \/><\/p>\n<p>_x000D_<br \/>\n_x000D_<\/p>\n<p>Istnieje mo\u017cliwo\u015b\u0107 wykonania dowolnej bi\u017cuterii z&nbsp;logo&nbsp;Twojej firmy.<\/p>\n<p>_x000D_<br \/>\n_x000D_<\/p>\n<p>Piercing z czerwonego z\u0142ota, o wadze 3,52 grama. Na zawieszce znajduje si\u0119 logo pokryte zielon\u0105 emali\u0105, zawieszka jest odpinana. Piercing jest wysadzany kamieniami o \u015brednicy 3,5 mm.<\/p>\n<p>_x000D_<\/p>\n","protected":false},"excerpt":{"rendered":"<p>Na piercingu widnieje logo Studia Estetyki Cia\u0142a &nbsp;&quot;Etalon&quot;. _x000D_ _x000D_ _x000D_ _x000D_ Istnieje mo\u017cliwo\u015b\u0107 wykonania dowolnej bi\u017cuterii z&nbsp;logo&nbsp;Twojej firmy. _x000D_ _x000D_ Piercing z czerwonego z\u0142ota, o wadze 3,52 grama. Na zawieszce znajduje si\u0119 logo pokryte zielon\u0105 emali\u0105, zawieszka jest odpinana. Piercing jest wysadzany kamieniami o \u015brednicy 3,5 mm. _x000D_<\/p>\n","protected":false},"featured_media":44692,"template":"","meta":{"_acf_changed":false},"product_brand":[],"product_cat":[576],"product_tag":[],"class_list":{"0":"post-44691","1":"product","2":"type-product","3":"status-publish","4":"has-post-thumbnail","6":"product_cat-other-pl","8":"first","9":"instock","10":"product-type-simple"},"acf":[],"_links":{"self":[{"href":"https:\/\/zl.jewelry\/pl\/wp-json\/wp\/v2\/product\/44691","targetHints":{"allow":["GET"]}}],"collection":[{"href":"https:\/\/zl.jewelry\/pl\/wp-json\/wp\/v2\/product"}],"about":[{"href":"https:\/\/zl.jewelry\/pl\/wp-json\/wp\/v2\/types\/product"}],"wp:featuredmedia":[{"embeddable":true,"href":"https:\/\/zl.jewelry\/pl\/wp-json\/wp\/v2\/media\/44692"}],"wp:attachment":[{"href":"https:\/\/zl.jewelry\/pl\/wp-json\/wp\/v2\/media?parent=44691"}],"wp:term":[{"taxonomy":"product_brand","embeddable":true,"href":"https:\/\/zl.jewelry\/pl\/wp-json\/wp\/v2\/product_brand?post=44691"},{"taxonomy":"product_cat","embeddable":true,"href":"https:\/\/zl.jewelry\/pl\/wp-json\/wp\/v2\/product_cat?post=44691"},{"taxonomy":"product_tag","embeddable":true,"href":"https:\/\/zl.jewelry\/pl\/wp-json\/wp\/v2\/product_tag?post=44691"}],"curies":[{"name":"wp","href":"https:\/\/api.w.org\/{rel}","templated":true}]}}