{"id":44689,"date":"2025-06-18T10:58:47","date_gmt":"2025-06-18T10:58:47","guid":{"rendered":"https:\/\/zl.jewelry\/product\/icon-nicholas-the-wonderworker-with-an-openwork-frame\/"},"modified":"2025-09-26T18:29:34","modified_gmt":"2025-09-26T18:29:34","slug":"icon-nicholas-the-wonderworker-with-an-openwork-frame","status":"publish","type":"product","link":"https:\/\/zl.jewelry\/pl\/product\/icon-nicholas-the-wonderworker-with-an-openwork-frame\/","title":{"rendered":"Ikona &#8222;Miko\u0142aj Cudotw\u00f3rca&#8221; z a\u017curow\u0105 ramk\u0105"},"content":{"rendered":"","protected":false},"excerpt":{"rendered":"","protected":false},"featured_media":61928,"template":"","meta":{"_acf_changed":false},"product_brand":[],"product_cat":[500,503],"product_tag":[],"class_list":{"0":"post-44689","1":"product","2":"type-product","3":"status-publish","4":"has-post-thumbnail","6":"product_cat-golden-icons-pl","7":"product_cat-with-stones-pl","9":"first","10":"instock","11":"product-type-simple"},"acf":[],"_links":{"self":[{"href":"https:\/\/zl.jewelry\/pl\/wp-json\/wp\/v2\/product\/44689","targetHints":{"allow":["GET"]}}],"collection":[{"href":"https:\/\/zl.jewelry\/pl\/wp-json\/wp\/v2\/product"}],"about":[{"href":"https:\/\/zl.jewelry\/pl\/wp-json\/wp\/v2\/types\/product"}],"wp:featuredmedia":[{"embeddable":true,"href":"https:\/\/zl.jewelry\/pl\/wp-json\/wp\/v2\/media\/61928"}],"wp:attachment":[{"href":"https:\/\/zl.jewelry\/pl\/wp-json\/wp\/v2\/media?parent=44689"}],"wp:term":[{"taxonomy":"product_brand","embeddable":true,"href":"https:\/\/zl.jewelry\/pl\/wp-json\/wp\/v2\/product_brand?post=44689"},{"taxonomy":"product_cat","embeddable":true,"href":"https:\/\/zl.jewelry\/pl\/wp-json\/wp\/v2\/product_cat?post=44689"},{"taxonomy":"product_tag","embeddable":true,"href":"https:\/\/zl.jewelry\/pl\/wp-json\/wp\/v2\/product_tag?post=44689"}],"curies":[{"name":"wp","href":"https:\/\/api.w.org\/{rel}","templated":true}]}}