{"id":44685,"date":"2025-06-18T10:58:47","date_gmt":"2025-06-18T10:58:47","guid":{"rendered":"https:\/\/zl.jewelry\/product\/signet-eastern-wisdom-with-blackening\/"},"modified":"2025-09-26T18:29:33","modified_gmt":"2025-09-26T18:29:33","slug":"signet-eastern-wisdom-with-blackening","status":"publish","type":"product","link":"https:\/\/zl.jewelry\/pl\/product\/signet-eastern-wisdom-with-blackening\/","title":{"rendered":"Pier\u015bcionek &#8222;Orientalna m\u0105dro\u015b\u0107&#8221; z niello"},"content":{"rendered":"<p>M\u0119ski pier\u015bcionek z czerwonego z\u0142ota z monogramem. Waga r\u00f3\u017cni si\u0119 w zale\u017cno\u015bci od rozmiapl. W g\u00f3rnej cz\u0119\u015bci znajduje si\u0119 monogram z inicja\u0142ami klienta, kt\u00f3re s\u0105 czernione. Po bokach znajduj\u0105 si\u0119 p\u0142ytki z bia\u0142ego z\u0142ota, rodowane. Po jednej stronie znajduje si\u0119 napis &quot;Allah&quot; w j\u0119zyku tureckim, zas\u0142oni\u0119ty rysunkiem. Po dplgiej stronie znajduje si\u0119 znak zodiaku ryby, r\u00f3wnie\u017c zas\u0142oni\u0119ty wzorem.&nbsp;<\/p>\n","protected":false},"excerpt":{"rendered":"<p>M\u0119ski pier\u015bcionek z czerwonego z\u0142ota z monogramem. Waga r\u00f3\u017cni si\u0119 w zale\u017cno\u015bci od rozmiapl. W g\u00f3rnej cz\u0119\u015bci znajduje si\u0119 monogram z inicja\u0142ami klienta, kt\u00f3re s\u0105 czernione. Po bokach znajduj\u0105 si\u0119 p\u0142ytki z bia\u0142ego z\u0142ota, rodowane. Po jednej stronie znajduje si\u0119 napis &quot;Allah&quot; w j\u0119zyku tureckim, zas\u0142oni\u0119ty rysunkiem. Po dplgiej stronie znajduje si\u0119 znak zodiaku ryby,&#8230;<\/p>\n","protected":false},"featured_media":44686,"template":"","meta":{"_acf_changed":false},"product_brand":[],"product_cat":[517,589],"product_tag":[],"class_list":{"0":"post-44685","1":"product","2":"type-product","3":"status-publish","4":"has-post-thumbnail","6":"product_cat-mens-rings-and-seals-pl","7":"product_cat-signet-rings-pl","9":"first","10":"instock","11":"product-type-simple"},"acf":[],"_links":{"self":[{"href":"https:\/\/zl.jewelry\/pl\/wp-json\/wp\/v2\/product\/44685","targetHints":{"allow":["GET"]}}],"collection":[{"href":"https:\/\/zl.jewelry\/pl\/wp-json\/wp\/v2\/product"}],"about":[{"href":"https:\/\/zl.jewelry\/pl\/wp-json\/wp\/v2\/types\/product"}],"wp:featuredmedia":[{"embeddable":true,"href":"https:\/\/zl.jewelry\/pl\/wp-json\/wp\/v2\/media\/44686"}],"wp:attachment":[{"href":"https:\/\/zl.jewelry\/pl\/wp-json\/wp\/v2\/media?parent=44685"}],"wp:term":[{"taxonomy":"product_brand","embeddable":true,"href":"https:\/\/zl.jewelry\/pl\/wp-json\/wp\/v2\/product_brand?post=44685"},{"taxonomy":"product_cat","embeddable":true,"href":"https:\/\/zl.jewelry\/pl\/wp-json\/wp\/v2\/product_cat?post=44685"},{"taxonomy":"product_tag","embeddable":true,"href":"https:\/\/zl.jewelry\/pl\/wp-json\/wp\/v2\/product_tag?post=44685"}],"curies":[{"name":"wp","href":"https:\/\/api.w.org\/{rel}","templated":true}]}}