{"id":44639,"date":"2025-06-18T10:58:54","date_gmt":"2025-06-18T10:58:54","guid":{"rendered":"https:\/\/zl.jewelry\/product\/chain-mont-blanc\/"},"modified":"2025-09-26T18:29:38","modified_gmt":"2025-09-26T18:29:38","slug":"chain-mont-blanc","status":"publish","type":"product","link":"https:\/\/zl.jewelry\/pl\/product\/chain-mont-blanc\/","title":{"rendered":"\u0141a\u0144cuch &#8222;Mont Blanc&#8221;"},"content":{"rendered":"<p>\u0141a\u0144cuch w kolorze czerwonego z\u0142ota, rozsuwany. Zamek to pude\u0142ko z pojedynczym zamkiem. Waga mo\u017ce by\u0107 zmieniana w zale\u017cno\u015bci od rozmiapl. Wz&oacute;r bi\u017cuterii mo\u017ce zosta\u0107 zmieniony na \u017cyczenie klienta.<\/p>\n<p>_x000D_<\/p>\n","protected":false},"excerpt":{"rendered":"<p>\u0141a\u0144cuch w kolorze czerwonego z\u0142ota, rozsuwany. Zamek to pude\u0142ko z pojedynczym zamkiem. Waga mo\u017ce by\u0107 zmieniana w zale\u017cno\u015bci od rozmiapl. Wz&oacute;r bi\u017cuterii mo\u017ce zosta\u0107 zmieniony na \u017cyczenie klienta. _x000D_<\/p>\n","protected":false},"featured_media":44640,"template":"","meta":{"_acf_changed":false},"product_brand":[],"product_cat":[490,492,493],"product_tag":[],"class_list":{"0":"post-44639","1":"product","2":"type-product","3":"status-publish","4":"has-post-thumbnail","6":"product_cat-gold-chains","7":"product_cat-gold-chain-from-50-gr-pl","8":"product_cat-mens-chains-pl","10":"first","11":"instock","12":"product-type-simple"},"acf":[],"_links":{"self":[{"href":"https:\/\/zl.jewelry\/pl\/wp-json\/wp\/v2\/product\/44639","targetHints":{"allow":["GET"]}}],"collection":[{"href":"https:\/\/zl.jewelry\/pl\/wp-json\/wp\/v2\/product"}],"about":[{"href":"https:\/\/zl.jewelry\/pl\/wp-json\/wp\/v2\/types\/product"}],"wp:featuredmedia":[{"embeddable":true,"href":"https:\/\/zl.jewelry\/pl\/wp-json\/wp\/v2\/media\/44640"}],"wp:attachment":[{"href":"https:\/\/zl.jewelry\/pl\/wp-json\/wp\/v2\/media?parent=44639"}],"wp:term":[{"taxonomy":"product_brand","embeddable":true,"href":"https:\/\/zl.jewelry\/pl\/wp-json\/wp\/v2\/product_brand?post=44639"},{"taxonomy":"product_cat","embeddable":true,"href":"https:\/\/zl.jewelry\/pl\/wp-json\/wp\/v2\/product_cat?post=44639"},{"taxonomy":"product_tag","embeddable":true,"href":"https:\/\/zl.jewelry\/pl\/wp-json\/wp\/v2\/product_tag?post=44639"}],"curies":[{"name":"wp","href":"https:\/\/api.w.org\/{rel}","templated":true}]}}