{"id":44633,"date":"2025-06-18T10:58:54","date_gmt":"2025-06-18T10:58:54","guid":{"rendered":"https:\/\/zl.jewelry\/product\/piercing-butterfly\/"},"modified":"2025-09-26T18:29:38","modified_gmt":"2025-09-26T18:29:38","slug":"piercing-butterfly","status":"publish","type":"product","link":"https:\/\/zl.jewelry\/pl\/product\/piercing-butterfly\/","title":{"rendered":"Piercing &#8222;\u041cotyl&#8221;"},"content":{"rendered":"<p>Kolczyk do p\u0119pka z bia\u0142ego z\u0142ota, rodowany, waga z\u0142ota 2,20 grama. Kula ma \u015brednic\u0119 5 mm, zawieszka jest zdejmowana. Zestaw kamieni o \u015brednicy 4,00 mm; \u015brednica 1,00 mm (51 sztuk).<\/p>\n<p>_x000D_<\/p>\n","protected":false},"excerpt":{"rendered":"<p>Kolczyk do p\u0119pka z bia\u0142ego z\u0142ota, rodowany, waga z\u0142ota 2,20 grama. Kula ma \u015brednic\u0119 5 mm, zawieszka jest zdejmowana. Zestaw kamieni o \u015brednicy 4,00 mm; \u015brednica 1,00 mm (51 sztuk). _x000D_<\/p>\n","protected":false},"featured_media":44634,"template":"","meta":{"_acf_changed":false},"product_brand":[],"product_cat":[576],"product_tag":[],"class_list":{"0":"post-44633","1":"product","2":"type-product","3":"status-publish","4":"has-post-thumbnail","6":"product_cat-other-pl","8":"first","9":"instock","10":"product-type-simple"},"acf":[],"_links":{"self":[{"href":"https:\/\/zl.jewelry\/pl\/wp-json\/wp\/v2\/product\/44633","targetHints":{"allow":["GET"]}}],"collection":[{"href":"https:\/\/zl.jewelry\/pl\/wp-json\/wp\/v2\/product"}],"about":[{"href":"https:\/\/zl.jewelry\/pl\/wp-json\/wp\/v2\/types\/product"}],"wp:featuredmedia":[{"embeddable":true,"href":"https:\/\/zl.jewelry\/pl\/wp-json\/wp\/v2\/media\/44634"}],"wp:attachment":[{"href":"https:\/\/zl.jewelry\/pl\/wp-json\/wp\/v2\/media?parent=44633"}],"wp:term":[{"taxonomy":"product_brand","embeddable":true,"href":"https:\/\/zl.jewelry\/pl\/wp-json\/wp\/v2\/product_brand?post=44633"},{"taxonomy":"product_cat","embeddable":true,"href":"https:\/\/zl.jewelry\/pl\/wp-json\/wp\/v2\/product_cat?post=44633"},{"taxonomy":"product_tag","embeddable":true,"href":"https:\/\/zl.jewelry\/pl\/wp-json\/wp\/v2\/product_tag?post=44633"}],"curies":[{"name":"wp","href":"https:\/\/api.w.org\/{rel}","templated":true}]}}