{"id":44585,"date":"2025-06-18T10:59:05","date_gmt":"2025-06-18T10:59:05","guid":{"rendered":"https:\/\/zl.jewelry\/product\/double-bismarck-bracelet-with-box-lock\/"},"modified":"2026-04-28T10:46:06","modified_gmt":"2026-04-28T10:46:06","slug":"double-bismarck-bracelet-with-box-lock","status":"publish","type":"product","link":"https:\/\/zl.jewelry\/pl\/product\/double-bismarck-bracelet-with-box-lock\/","title":{"rendered":"Bransoletka &#8222;Podw\u00f3jny Bismarck&#8221; z zamkiem pude\u0142kowym"},"content":{"rendered":"<p>Bransoletka z czerwonego z\u0142ota, r\u0119cznie tkana &#8222;Mirror Bismarck&#8221;. Waga jest w stosunku do rozmiapl, przy rozmiarze 22 waga z\u0142ota w bransoletce wynosi 50,51 grama, szeroko\u015b\u0107 bransoletki od 15mm. Zamek to zamek skrzynkowy z dwoma klipsami i po\u0142\u0105czeniem zawiasowym.<\/p>\n","protected":false},"excerpt":{"rendered":"<p>Bransoletka z czerwonego z\u0142ota, r\u0119cznie tkana &#8222;Mirror Bismarck&#8221;. Waga jest w stosunku do rozmiapl, przy rozmiarze 22 waga z\u0142ota w bransoletce wynosi 50,51 grama, szeroko\u015b\u0107 bransoletki od 15mm. Zamek to zamek skrzynkowy z dwoma klipsami i po\u0142\u0105czeniem zawiasowym.<\/p>\n","protected":false},"featured_media":44586,"template":"","meta":{"_acf_changed":false},"product_brand":[],"product_cat":[557,559],"product_tag":[],"class_list":{"0":"post-44585","1":"product","2":"type-product","3":"status-publish","4":"has-post-thumbnail","6":"product_cat-bracelets-pl","7":"product_cat-gold-bracelets-from-30-gr-pl","9":"first","10":"instock","11":"product-type-simple"},"acf":[],"_links":{"self":[{"href":"https:\/\/zl.jewelry\/pl\/wp-json\/wp\/v2\/product\/44585","targetHints":{"allow":["GET"]}}],"collection":[{"href":"https:\/\/zl.jewelry\/pl\/wp-json\/wp\/v2\/product"}],"about":[{"href":"https:\/\/zl.jewelry\/pl\/wp-json\/wp\/v2\/types\/product"}],"wp:featuredmedia":[{"embeddable":true,"href":"https:\/\/zl.jewelry\/pl\/wp-json\/wp\/v2\/media\/44586"}],"wp:attachment":[{"href":"https:\/\/zl.jewelry\/pl\/wp-json\/wp\/v2\/media?parent=44585"}],"wp:term":[{"taxonomy":"product_brand","embeddable":true,"href":"https:\/\/zl.jewelry\/pl\/wp-json\/wp\/v2\/product_brand?post=44585"},{"taxonomy":"product_cat","embeddable":true,"href":"https:\/\/zl.jewelry\/pl\/wp-json\/wp\/v2\/product_cat?post=44585"},{"taxonomy":"product_tag","embeddable":true,"href":"https:\/\/zl.jewelry\/pl\/wp-json\/wp\/v2\/product_tag?post=44585"}],"curies":[{"name":"wp","href":"https:\/\/api.w.org\/{rel}","templated":true}]}}