{"id":44581,"date":"2025-06-18T10:59:05","date_gmt":"2025-06-18T10:59:05","guid":{"rendered":"https:\/\/zl.jewelry\/product\/yin-yang-bracelet\/"},"modified":"2026-04-28T10:33:19","modified_gmt":"2026-04-28T10:33:19","slug":"yin-yang-bracelet","status":"publish","type":"product","link":"https:\/\/zl.jewelry\/pl\/product\/yin-yang-bracelet\/","title":{"rendered":"Bransoletka &#8222;Yin i Yang&#8221;"},"content":{"rendered":"<p>Bransoletka z czerwonego z\u0142ota pr\u00f3by 585*, rozmiar 20,7, waga w tym rozmiarze 82,71 grama. W \u015brodkowej cz\u0119\u015bci znajduj\u0105 si\u0119 wypuk\u0142e inicja\u0142y AS ze smokiem, na matowym wyko\u0144czeniu. Szeroko\u015b\u0107 bransoletki wynosi 2 cm. Zamek pude\u0142ka ma dwa smoki i znak &#8222;Yin i Yang&#8221; z przodu i znak zodiaku Wodnik z ty\u0142u. Zapi\u0119cie na guzik.<\/p>\n","protected":false},"excerpt":{"rendered":"<p>Bransoletka z czerwonego z\u0142ota pr\u00f3by 585*, rozmiar 20,7, waga w tym rozmiarze 82,71 grama. W \u015brodkowej cz\u0119\u015bci znajduj\u0105 si\u0119 wypuk\u0142e inicja\u0142y AS ze smokiem, na matowym wyko\u0144czeniu. Szeroko\u015b\u0107 bransoletki wynosi 2 cm. Zamek pude\u0142ka ma dwa smoki i znak &#8222;Yin i Yang&#8221; z przodu i znak zodiaku Wodnik z ty\u0142u. Zapi\u0119cie na guzik.<\/p>\n","protected":false},"featured_media":44582,"template":"","meta":{"_acf_changed":false},"product_brand":[],"product_cat":[557,559],"product_tag":[],"class_list":{"0":"post-44581","1":"product","2":"type-product","3":"status-publish","4":"has-post-thumbnail","6":"product_cat-bracelets-pl","7":"product_cat-gold-bracelets-from-30-gr-pl","9":"first","10":"instock","11":"product-type-simple"},"acf":[],"_links":{"self":[{"href":"https:\/\/zl.jewelry\/pl\/wp-json\/wp\/v2\/product\/44581","targetHints":{"allow":["GET"]}}],"collection":[{"href":"https:\/\/zl.jewelry\/pl\/wp-json\/wp\/v2\/product"}],"about":[{"href":"https:\/\/zl.jewelry\/pl\/wp-json\/wp\/v2\/types\/product"}],"wp:featuredmedia":[{"embeddable":true,"href":"https:\/\/zl.jewelry\/pl\/wp-json\/wp\/v2\/media\/44582"}],"wp:attachment":[{"href":"https:\/\/zl.jewelry\/pl\/wp-json\/wp\/v2\/media?parent=44581"}],"wp:term":[{"taxonomy":"product_brand","embeddable":true,"href":"https:\/\/zl.jewelry\/pl\/wp-json\/wp\/v2\/product_brand?post=44581"},{"taxonomy":"product_cat","embeddable":true,"href":"https:\/\/zl.jewelry\/pl\/wp-json\/wp\/v2\/product_cat?post=44581"},{"taxonomy":"product_tag","embeddable":true,"href":"https:\/\/zl.jewelry\/pl\/wp-json\/wp\/v2\/product_tag?post=44581"}],"curies":[{"name":"wp","href":"https:\/\/api.w.org\/{rel}","templated":true}]}}