{"id":44553,"date":"2025-06-18T10:59:05","date_gmt":"2025-06-18T10:59:05","guid":{"rendered":"https:\/\/zl.jewelry\/product\/gift-box-tenderness\/"},"modified":"2025-09-26T18:29:45","modified_gmt":"2025-09-26T18:29:45","slug":"gift-box-tenderness","status":"publish","type":"product","link":"https:\/\/zl.jewelry\/pl\/product\/gift-box-tenderness\/","title":{"rendered":"Pude\u0142ko upominkowe &#8222;Czu\u0142o\u015b\u0107"},"content":{"rendered":"","protected":false},"excerpt":{"rendered":"","protected":false},"featured_media":44554,"template":"","meta":{"_acf_changed":false},"product_brand":[],"product_cat":[577],"product_tag":[],"class_list":{"0":"post-44553","1":"product","2":"type-product","3":"status-publish","4":"has-post-thumbnail","6":"product_cat-certificate-and-packaging-pl","8":"first","9":"instock","10":"product-type-simple"},"acf":[],"_links":{"self":[{"href":"https:\/\/zl.jewelry\/pl\/wp-json\/wp\/v2\/product\/44553","targetHints":{"allow":["GET"]}}],"collection":[{"href":"https:\/\/zl.jewelry\/pl\/wp-json\/wp\/v2\/product"}],"about":[{"href":"https:\/\/zl.jewelry\/pl\/wp-json\/wp\/v2\/types\/product"}],"wp:featuredmedia":[{"embeddable":true,"href":"https:\/\/zl.jewelry\/pl\/wp-json\/wp\/v2\/media\/44554"}],"wp:attachment":[{"href":"https:\/\/zl.jewelry\/pl\/wp-json\/wp\/v2\/media?parent=44553"}],"wp:term":[{"taxonomy":"product_brand","embeddable":true,"href":"https:\/\/zl.jewelry\/pl\/wp-json\/wp\/v2\/product_brand?post=44553"},{"taxonomy":"product_cat","embeddable":true,"href":"https:\/\/zl.jewelry\/pl\/wp-json\/wp\/v2\/product_cat?post=44553"},{"taxonomy":"product_tag","embeddable":true,"href":"https:\/\/zl.jewelry\/pl\/wp-json\/wp\/v2\/product_tag?post=44553"}],"curies":[{"name":"wp","href":"https:\/\/api.w.org\/{rel}","templated":true}]}}