{"id":44545,"date":"2025-06-18T10:59:10","date_gmt":"2025-06-18T10:59:10","guid":{"rendered":"https:\/\/zl.jewelry\/product\/ramses-bracelet-with-lock-box\/"},"modified":"2025-09-26T18:29:53","modified_gmt":"2025-09-26T18:29:53","slug":"ramses-bracelet-with-lock-box","status":"publish","type":"product","link":"https:\/\/zl.jewelry\/pl\/product\/ramses-bracelet-with-lock-box\/","title":{"rendered":"Bransoletka &#8222;Ramzes&#8221; z blokad\u0105"},"content":{"rendered":"<p>Bransoletka pleciona &quot;Ramzes&quot; w kolorze czerwonego z\u0142ota pr&oacute;by 585*. Waga bransoletki&nbsp; 45,12grama przy d\u0142ugo\u015bci 23cm, szeroko\u015b\u0107 do 12mm. Zapi\u0119cie pude\u0142kowe, z jednym zabezpieczeniem i grawerem.<\/p>\n<p>_x000D_<br \/>\n_x000D_<\/p>\n<p>.<\/p>\n<p>_x000D_<\/p>\n","protected":false},"excerpt":{"rendered":"<p>Bransoletka pleciona &quot;Ramzes&quot; w kolorze czerwonego z\u0142ota pr&oacute;by 585*. Waga bransoletki&nbsp; 45,12grama przy d\u0142ugo\u015bci 23cm, szeroko\u015b\u0107 do 12mm. Zapi\u0119cie pude\u0142kowe, z jednym zabezpieczeniem i grawerem. _x000D_ _x000D_ . _x000D_<\/p>\n","protected":false},"featured_media":44546,"template":"","meta":{"_acf_changed":false},"product_brand":[],"product_cat":[557,559],"product_tag":[],"class_list":{"0":"post-44545","1":"product","2":"type-product","3":"status-publish","4":"has-post-thumbnail","6":"product_cat-bracelets-pl","7":"product_cat-gold-bracelets-from-30-gr-pl","9":"first","10":"instock","11":"product-type-simple"},"acf":[],"_links":{"self":[{"href":"https:\/\/zl.jewelry\/pl\/wp-json\/wp\/v2\/product\/44545","targetHints":{"allow":["GET"]}}],"collection":[{"href":"https:\/\/zl.jewelry\/pl\/wp-json\/wp\/v2\/product"}],"about":[{"href":"https:\/\/zl.jewelry\/pl\/wp-json\/wp\/v2\/types\/product"}],"wp:featuredmedia":[{"embeddable":true,"href":"https:\/\/zl.jewelry\/pl\/wp-json\/wp\/v2\/media\/44546"}],"wp:attachment":[{"href":"https:\/\/zl.jewelry\/pl\/wp-json\/wp\/v2\/media?parent=44545"}],"wp:term":[{"taxonomy":"product_brand","embeddable":true,"href":"https:\/\/zl.jewelry\/pl\/wp-json\/wp\/v2\/product_brand?post=44545"},{"taxonomy":"product_cat","embeddable":true,"href":"https:\/\/zl.jewelry\/pl\/wp-json\/wp\/v2\/product_cat?post=44545"},{"taxonomy":"product_tag","embeddable":true,"href":"https:\/\/zl.jewelry\/pl\/wp-json\/wp\/v2\/product_tag?post=44545"}],"curies":[{"name":"wp","href":"https:\/\/api.w.org\/{rel}","templated":true}]}}