{"id":44543,"date":"2025-06-18T10:59:10","date_gmt":"2025-06-18T10:59:10","guid":{"rendered":"https:\/\/zl.jewelry\/product\/leopard-bracelet\/"},"modified":"2025-09-26T18:29:53","modified_gmt":"2025-09-26T18:29:53","slug":"leopard-bracelet","status":"publish","type":"product","link":"https:\/\/zl.jewelry\/pl\/product\/leopard-bracelet\/","title":{"rendered":"Bransoletka \u201eLeopard\u201d"},"content":{"rendered":"<p>Bransoletka wa\u017cy 27,74 grama, w rozmiarze 19, z czerwonego z\u0142ota pr\u00f3by 585*. Zamek przedstawia lamparta, kt\u00f3ry jest pokryty emali\u0105, inkplstuje kamienie Swarovskiego o \u015brednicy 1 mm, w ilo\u015bci 25 sztuk.<\/p>\n","protected":false},"excerpt":{"rendered":"<p>Bransoletka wa\u017cy 27,74 grama, w rozmiarze 19, z czerwonego z\u0142ota pr\u00f3by 585*. Zamek przedstawia lamparta, kt\u00f3ry jest pokryty emali\u0105, inkplstuje kamienie Swarovskiego o \u015brednicy 1 mm, w ilo\u015bci 25 sztuk.<\/p>\n","protected":false},"featured_media":59458,"template":"","meta":{"_acf_changed":false},"product_brand":[],"product_cat":[557,560],"product_tag":[],"class_list":{"0":"post-44543","1":"product","2":"type-product","3":"status-publish","4":"has-post-thumbnail","6":"product_cat-bracelets-pl","7":"product_cat-gold-bracelets-up-to-30-gr-pl","9":"first","10":"instock","11":"product-type-simple"},"acf":[],"_links":{"self":[{"href":"https:\/\/zl.jewelry\/pl\/wp-json\/wp\/v2\/product\/44543","targetHints":{"allow":["GET"]}}],"collection":[{"href":"https:\/\/zl.jewelry\/pl\/wp-json\/wp\/v2\/product"}],"about":[{"href":"https:\/\/zl.jewelry\/pl\/wp-json\/wp\/v2\/types\/product"}],"wp:featuredmedia":[{"embeddable":true,"href":"https:\/\/zl.jewelry\/pl\/wp-json\/wp\/v2\/media\/59458"}],"wp:attachment":[{"href":"https:\/\/zl.jewelry\/pl\/wp-json\/wp\/v2\/media?parent=44543"}],"wp:term":[{"taxonomy":"product_brand","embeddable":true,"href":"https:\/\/zl.jewelry\/pl\/wp-json\/wp\/v2\/product_brand?post=44543"},{"taxonomy":"product_cat","embeddable":true,"href":"https:\/\/zl.jewelry\/pl\/wp-json\/wp\/v2\/product_cat?post=44543"},{"taxonomy":"product_tag","embeddable":true,"href":"https:\/\/zl.jewelry\/pl\/wp-json\/wp\/v2\/product_tag?post=44543"}],"curies":[{"name":"wp","href":"https:\/\/api.w.org\/{rel}","templated":true}]}}