{"id":44527,"date":"2025-06-18T10:59:10","date_gmt":"2025-06-18T10:59:10","guid":{"rendered":"https:\/\/zl.jewelry\/product\/the-cross-in-lemon-gold\/"},"modified":"2026-04-27T14:41:16","modified_gmt":"2026-04-27T14:41:16","slug":"the-cross-in-lemon-gold","status":"publish","type":"product","link":"https:\/\/zl.jewelry\/pl\/product\/the-cross-in-lemon-gold\/","title":{"rendered":"Krzy\u017c w kolorze cytrynowego z\u0142ota"},"content":{"rendered":"<p>Krzy\u017cyk z cytrynowego z\u0142ota, na drewnianej podstawie. Waga z\u0142ota w krzy\u017cu wynosi 13,06 grama, wysoko\u015b\u0107 bez ucha 40 mm. Na przedniej stronie blaszka z cytrynowego z\u0142ota, na niej ukrzy\u017cowanie z bia\u0142ego z\u0142ota, pokryte rodem, napisy &#8222;IC&#8221;, &#8222;\u0406NTS\u0406&#8221;, &#8222;\u0425\u0421&#8221;, &#8222;NIKA&#8221; pokryte emali\u0105. Na uchu\u00a0od przedniej strony wk\u0142adka z bia\u0142ego z\u0142ota, pokryta rodem, z wizeplnkiem Anio\u0142a Str\u00f3\u017ca, pod wk\u0142adk\u0105 emalia. Z ty\u0142u podk\u0142ad ze z\u0142ota, z napisem &#8222;Save and Preserve&#8221; pokrytym emali\u0105.<\/p>\n","protected":false},"excerpt":{"rendered":"<p>Krzy\u017cyk z cytrynowego z\u0142ota, na drewnianej podstawie. Waga z\u0142ota w krzy\u017cu wynosi 13,06 grama, wysoko\u015b\u0107 bez ucha 40 mm. Na przedniej stronie blaszka z cytrynowego z\u0142ota, na niej ukrzy\u017cowanie z bia\u0142ego z\u0142ota, pokryte rodem, napisy &#8222;IC&#8221;, &#8222;\u0406NTS\u0406&#8221;, &#8222;\u0425\u0421&#8221;, &#8222;NIKA&#8221; pokryte emali\u0105. Na uchu\u00a0od przedniej strony wk\u0142adka z bia\u0142ego z\u0142ota, pokryta rodem, z wizeplnkiem Anio\u0142a Str\u00f3\u017ca,&#8230;<\/p>\n","protected":false},"featured_media":44528,"template":"","meta":{"_acf_changed":false},"product_brand":[],"product_cat":[511,510,504],"product_tag":[],"class_list":{"0":"post-44527","1":"product","2":"type-product","3":"status-publish","4":"has-post-thumbnail","6":"product_cat-on-an-ebony-tree-2-pl","7":"product_cat-mens-crosses-pl","8":"product_cat-golden-crosses-pl","10":"first","11":"instock","12":"product-type-simple"},"acf":[],"_links":{"self":[{"href":"https:\/\/zl.jewelry\/pl\/wp-json\/wp\/v2\/product\/44527","targetHints":{"allow":["GET"]}}],"collection":[{"href":"https:\/\/zl.jewelry\/pl\/wp-json\/wp\/v2\/product"}],"about":[{"href":"https:\/\/zl.jewelry\/pl\/wp-json\/wp\/v2\/types\/product"}],"wp:featuredmedia":[{"embeddable":true,"href":"https:\/\/zl.jewelry\/pl\/wp-json\/wp\/v2\/media\/44528"}],"wp:attachment":[{"href":"https:\/\/zl.jewelry\/pl\/wp-json\/wp\/v2\/media?parent=44527"}],"wp:term":[{"taxonomy":"product_brand","embeddable":true,"href":"https:\/\/zl.jewelry\/pl\/wp-json\/wp\/v2\/product_brand?post=44527"},{"taxonomy":"product_cat","embeddable":true,"href":"https:\/\/zl.jewelry\/pl\/wp-json\/wp\/v2\/product_cat?post=44527"},{"taxonomy":"product_tag","embeddable":true,"href":"https:\/\/zl.jewelry\/pl\/wp-json\/wp\/v2\/product_tag?post=44527"}],"curies":[{"name":"wp","href":"https:\/\/api.w.org\/{rel}","templated":true}]}}