{"id":44523,"date":"2025-06-18T10:59:10","date_gmt":"2025-06-18T10:59:10","guid":{"rendered":"https:\/\/zl.jewelry\/product\/guardian-angel-cross-in-red-gold\/"},"modified":"2025-09-26T18:29:51","modified_gmt":"2025-09-26T18:29:51","slug":"guardian-angel-cross-in-red-gold","status":"publish","type":"product","link":"https:\/\/zl.jewelry\/pl\/product\/guardian-angel-cross-in-red-gold\/","title":{"rendered":"Krzy\u017c \u201eAnio\u0142 Str\u00f3\u017c\u201d z czerwonego z\u0142ota"},"content":{"rendered":"","protected":false},"excerpt":{"rendered":"","protected":false},"featured_media":44524,"template":"","meta":{"_acf_changed":false},"product_brand":[],"product_cat":[504,510,511],"product_tag":[],"class_list":{"0":"post-44523","1":"product","2":"type-product","3":"status-publish","4":"has-post-thumbnail","6":"product_cat-golden-crosses-pl","7":"product_cat-mens-crosses-pl","8":"product_cat-on-an-ebony-tree-2-pl","10":"first","11":"instock","12":"product-type-simple"},"acf":[],"_links":{"self":[{"href":"https:\/\/zl.jewelry\/pl\/wp-json\/wp\/v2\/product\/44523","targetHints":{"allow":["GET"]}}],"collection":[{"href":"https:\/\/zl.jewelry\/pl\/wp-json\/wp\/v2\/product"}],"about":[{"href":"https:\/\/zl.jewelry\/pl\/wp-json\/wp\/v2\/types\/product"}],"wp:featuredmedia":[{"embeddable":true,"href":"https:\/\/zl.jewelry\/pl\/wp-json\/wp\/v2\/media\/44524"}],"wp:attachment":[{"href":"https:\/\/zl.jewelry\/pl\/wp-json\/wp\/v2\/media?parent=44523"}],"wp:term":[{"taxonomy":"product_brand","embeddable":true,"href":"https:\/\/zl.jewelry\/pl\/wp-json\/wp\/v2\/product_brand?post=44523"},{"taxonomy":"product_cat","embeddable":true,"href":"https:\/\/zl.jewelry\/pl\/wp-json\/wp\/v2\/product_cat?post=44523"},{"taxonomy":"product_tag","embeddable":true,"href":"https:\/\/zl.jewelry\/pl\/wp-json\/wp\/v2\/product_tag?post=44523"}],"curies":[{"name":"wp","href":"https:\/\/api.w.org\/{rel}","templated":true}]}}