{"id":44521,"date":"2025-06-18T10:59:10","date_gmt":"2025-06-18T10:59:10","guid":{"rendered":"https:\/\/zl.jewelry\/product\/cross-with-openwork-inserts\/"},"modified":"2025-09-26T18:29:51","modified_gmt":"2025-09-26T18:29:51","slug":"cross-with-openwork-inserts","status":"publish","type":"product","link":"https:\/\/zl.jewelry\/pl\/product\/cross-with-openwork-inserts\/","title":{"rendered":"Krzy\u017cyk z a\u017curowymi inkplstacjami"},"content":{"rendered":"<p>Krzy\u017cyk na drewnie ze z\u0142otymi wstawkami w kolorze czerwono-bia\u0142ym.&nbsp; Z przodu nak\u0142adka z kplcyfiksem, na ko\u0144cu a\u017curowe&nbsp;nak\u0142adki, z ty\u0142u na \u015brodku blaszka z napisem &quot;Save and Preserve&quot;.&nbsp; Kplcyfiks i nak\u0142adki s\u0105 z bia\u0142ego z\u0142ota, pokryte rodem.&nbsp; Waga jest w stosunku wymiar\u00f3w z przybli\u017con\u0105 wysoko\u015bci\u0105 krzy\u017ca 55mm, waga z\u0142ota to 19,41 grama. Wz\u00f3r bi\u017cuterii mo\u017ce by\u0107 zmieniony zgodnie z \u017cyczeniem klienta.&nbsp;<\/p>\n","protected":false},"excerpt":{"rendered":"<p>Krzy\u017cyk na drewnie ze z\u0142otymi wstawkami w kolorze czerwono-bia\u0142ym.&nbsp; Z przodu nak\u0142adka z kplcyfiksem, na ko\u0144cu a\u017curowe&nbsp;nak\u0142adki, z ty\u0142u na \u015brodku blaszka z napisem &quot;Save and Preserve&quot;.&nbsp; Kplcyfiks i nak\u0142adki s\u0105 z bia\u0142ego z\u0142ota, pokryte rodem.&nbsp; Waga jest w stosunku wymiar\u00f3w z przybli\u017con\u0105 wysoko\u015bci\u0105 krzy\u017ca 55mm, waga z\u0142ota to 19,41 grama. Wz\u00f3r bi\u017cuterii mo\u017ce by\u0107&#8230;<\/p>\n","protected":false},"featured_media":44522,"template":"","meta":{"_acf_changed":false},"product_brand":[],"product_cat":[504,507,510,511],"product_tag":[],"class_list":{"0":"post-44521","1":"product","2":"type-product","3":"status-publish","4":"has-post-thumbnail","6":"product_cat-golden-crosses-pl","7":"product_cat-exclusive-golden-handmade-crosses-pl","8":"product_cat-mens-crosses-pl","9":"product_cat-on-an-ebony-tree-2-pl","11":"first","12":"instock","13":"product-type-simple"},"acf":[],"_links":{"self":[{"href":"https:\/\/zl.jewelry\/pl\/wp-json\/wp\/v2\/product\/44521","targetHints":{"allow":["GET"]}}],"collection":[{"href":"https:\/\/zl.jewelry\/pl\/wp-json\/wp\/v2\/product"}],"about":[{"href":"https:\/\/zl.jewelry\/pl\/wp-json\/wp\/v2\/types\/product"}],"wp:featuredmedia":[{"embeddable":true,"href":"https:\/\/zl.jewelry\/pl\/wp-json\/wp\/v2\/media\/44522"}],"wp:attachment":[{"href":"https:\/\/zl.jewelry\/pl\/wp-json\/wp\/v2\/media?parent=44521"}],"wp:term":[{"taxonomy":"product_brand","embeddable":true,"href":"https:\/\/zl.jewelry\/pl\/wp-json\/wp\/v2\/product_brand?post=44521"},{"taxonomy":"product_cat","embeddable":true,"href":"https:\/\/zl.jewelry\/pl\/wp-json\/wp\/v2\/product_cat?post=44521"},{"taxonomy":"product_tag","embeddable":true,"href":"https:\/\/zl.jewelry\/pl\/wp-json\/wp\/v2\/product_tag?post=44521"}],"curies":[{"name":"wp","href":"https:\/\/api.w.org\/{rel}","templated":true}]}}