{"id":44517,"date":"2025-06-18T10:59:10","date_gmt":"2025-06-18T10:59:10","guid":{"rendered":"https:\/\/zl.jewelry\/product\/brilliant-lane-bracelet\/"},"modified":"2025-09-26T18:29:50","modified_gmt":"2025-09-26T18:29:50","slug":"brilliant-lane-bracelet","status":"publish","type":"product","link":"https:\/\/zl.jewelry\/pl\/product\/brilliant-lane-bracelet\/","title":{"rendered":"Bransoletka &#8222;Brilliant Path&#8221;"},"content":{"rendered":"<p>Bransoletka w kolorze czerwonego z\u0142ota, z rozproszonymi kamieniami. Waga z\u0142ota w bransolecie 35,50 grama, szeroko\u015b\u0107 bransolety 0mm, przy rozmiarze 18,2. Wstawki z kamieni Swarovskiego o \u015brednicy 3mm. Pude\u0142ko z dwoma zamkami.&nbsp;<\/p>\n<p>_x000D_<\/p>\n","protected":false},"excerpt":{"rendered":"<p>Bransoletka w kolorze czerwonego z\u0142ota, z rozproszonymi kamieniami. Waga z\u0142ota w bransolecie 35,50 grama, szeroko\u015b\u0107 bransolety 0mm, przy rozmiarze 18,2. Wstawki z kamieni Swarovskiego o \u015brednicy 3mm. Pude\u0142ko z dwoma zamkami.&nbsp; _x000D_<\/p>\n","protected":false},"featured_media":44518,"template":"","meta":{"_acf_changed":false},"product_brand":[],"product_cat":[557,559],"product_tag":[],"class_list":{"0":"post-44517","1":"product","2":"type-product","3":"status-publish","4":"has-post-thumbnail","6":"product_cat-bracelets-pl","7":"product_cat-gold-bracelets-from-30-gr-pl","9":"first","10":"instock","11":"product-type-simple"},"acf":[],"_links":{"self":[{"href":"https:\/\/zl.jewelry\/pl\/wp-json\/wp\/v2\/product\/44517","targetHints":{"allow":["GET"]}}],"collection":[{"href":"https:\/\/zl.jewelry\/pl\/wp-json\/wp\/v2\/product"}],"about":[{"href":"https:\/\/zl.jewelry\/pl\/wp-json\/wp\/v2\/types\/product"}],"wp:featuredmedia":[{"embeddable":true,"href":"https:\/\/zl.jewelry\/pl\/wp-json\/wp\/v2\/media\/44518"}],"wp:attachment":[{"href":"https:\/\/zl.jewelry\/pl\/wp-json\/wp\/v2\/media?parent=44517"}],"wp:term":[{"taxonomy":"product_brand","embeddable":true,"href":"https:\/\/zl.jewelry\/pl\/wp-json\/wp\/v2\/product_brand?post=44517"},{"taxonomy":"product_cat","embeddable":true,"href":"https:\/\/zl.jewelry\/pl\/wp-json\/wp\/v2\/product_cat?post=44517"},{"taxonomy":"product_tag","embeddable":true,"href":"https:\/\/zl.jewelry\/pl\/wp-json\/wp\/v2\/product_tag?post=44517"}],"curies":[{"name":"wp","href":"https:\/\/api.w.org\/{rel}","templated":true}]}}