{"id":44493,"date":"2025-06-18T10:59:16","date_gmt":"2025-06-18T10:59:16","guid":{"rendered":"https:\/\/zl.jewelry\/product\/bracelet-with-initials\/"},"modified":"2025-09-26T18:29:58","modified_gmt":"2025-09-26T18:29:58","slug":"bracelet-with-initials","status":"publish","type":"product","link":"https:\/\/zl.jewelry\/pl\/product\/bracelet-with-initials\/","title":{"rendered":"Bransoletka z inicja\u0142em"},"content":{"rendered":"<p>Gumowa bransoleta z wstawkami z czerwonego z\u0142ota. Waga jest w stosunku rozmiapl gumy do liczby wk\u0142adek. Rozmiar kauczuku to 10&#215;2, rozmiar bransoletki to 20cm, waga z\u0142ota to 30,13 grama. Na centralnej wk\u0142adce osadzone s\u0105 kamienie o \u015brednicy 2,00 mm (18 szt.); 2,25 (42 szt.), ponadto&nbsp; znajduje si\u0119 nak\u0142adka w&#038;nbsppostaci inicja\u0142\u00f3w z&#038;nbspbia\u0142ego z\u0142ota, platerowana rodem. Wzd\u0142u\u017c bransolety osadzone s\u0105 cztery g\u0142adkie wk\u0142adki. Zapi\u0119cie to pude\u0142ko z pojedynczym zamkiem.<\/p>\n","protected":false},"excerpt":{"rendered":"<p>Gumowa bransoleta z wstawkami z czerwonego z\u0142ota. Waga jest w stosunku rozmiapl gumy do liczby wk\u0142adek. Rozmiar kauczuku to 10&#215;2, rozmiar bransoletki to 20cm, waga z\u0142ota to 30,13 grama. Na centralnej wk\u0142adce osadzone s\u0105 kamienie o \u015brednicy 2,00 mm (18 szt.); 2,25 (42 szt.), ponadto&nbsp; znajduje si\u0119 nak\u0142adka w&#038;nbsppostaci inicja\u0142\u00f3w z&#038;nbspbia\u0142ego z\u0142ota, platerowana rodem. Wzd\u0142u\u017c&#8230;<\/p>\n","protected":false},"featured_media":44494,"template":"","meta":{"_acf_changed":false},"product_brand":[],"product_cat":[557,559,561],"product_tag":[],"class_list":{"0":"post-44493","1":"product","2":"type-product","3":"status-publish","4":"has-post-thumbnail","6":"product_cat-bracelets-pl","7":"product_cat-gold-bracelets-from-30-gr-pl","8":"product_cat-leather-bracelets-with-gold-inserts-pl","10":"first","11":"instock","12":"product-type-simple"},"acf":[],"_links":{"self":[{"href":"https:\/\/zl.jewelry\/pl\/wp-json\/wp\/v2\/product\/44493","targetHints":{"allow":["GET"]}}],"collection":[{"href":"https:\/\/zl.jewelry\/pl\/wp-json\/wp\/v2\/product"}],"about":[{"href":"https:\/\/zl.jewelry\/pl\/wp-json\/wp\/v2\/types\/product"}],"wp:featuredmedia":[{"embeddable":true,"href":"https:\/\/zl.jewelry\/pl\/wp-json\/wp\/v2\/media\/44494"}],"wp:attachment":[{"href":"https:\/\/zl.jewelry\/pl\/wp-json\/wp\/v2\/media?parent=44493"}],"wp:term":[{"taxonomy":"product_brand","embeddable":true,"href":"https:\/\/zl.jewelry\/pl\/wp-json\/wp\/v2\/product_brand?post=44493"},{"taxonomy":"product_cat","embeddable":true,"href":"https:\/\/zl.jewelry\/pl\/wp-json\/wp\/v2\/product_cat?post=44493"},{"taxonomy":"product_tag","embeddable":true,"href":"https:\/\/zl.jewelry\/pl\/wp-json\/wp\/v2\/product_tag?post=44493"}],"curies":[{"name":"wp","href":"https:\/\/api.w.org\/{rel}","templated":true}]}}