{"id":44491,"date":"2025-06-18T10:59:16","date_gmt":"2025-06-18T10:59:16","guid":{"rendered":"https:\/\/zl.jewelry\/product\/red-gold-bracelet\/"},"modified":"2025-09-26T18:29:57","modified_gmt":"2025-09-26T18:29:57","slug":"red-gold-bracelet","status":"publish","type":"product","link":"https:\/\/zl.jewelry\/pl\/product\/red-gold-bracelet\/","title":{"rendered":"Bransoletka z czerwonego z\u0142ota"},"content":{"rendered":"<p>Bransoletka w kolorze czerwonego z\u0142ota pr\u00f3by 585*, wa\u017c\u0105ca od 78 gram\u00f3w i mierz\u0105ca 21 cm. Na bransolecie znajduj\u0105 si\u0119 wstawki z gwiazdami. Pude\u0142ko zamka z jednym bezpiecznikiem pasuj\u0105cym do projektu bransoletki.<\/p>\n","protected":false},"excerpt":{"rendered":"<p>Bransoletka w kolorze czerwonego z\u0142ota pr\u00f3by 585*, wa\u017c\u0105ca od 78 gram\u00f3w i mierz\u0105ca 21 cm. Na bransolecie znajduj\u0105 si\u0119 wstawki z gwiazdami. Pude\u0142ko zamka z jednym bezpiecznikiem pasuj\u0105cym do projektu bransoletki.<\/p>\n","protected":false},"featured_media":59665,"template":"","meta":{"_acf_changed":false},"product_brand":[],"product_cat":[557,559],"product_tag":[],"class_list":{"0":"post-44491","1":"product","2":"type-product","3":"status-publish","4":"has-post-thumbnail","6":"product_cat-bracelets-pl","7":"product_cat-gold-bracelets-from-30-gr-pl","9":"first","10":"instock","11":"product-type-simple"},"acf":[],"_links":{"self":[{"href":"https:\/\/zl.jewelry\/pl\/wp-json\/wp\/v2\/product\/44491","targetHints":{"allow":["GET"]}}],"collection":[{"href":"https:\/\/zl.jewelry\/pl\/wp-json\/wp\/v2\/product"}],"about":[{"href":"https:\/\/zl.jewelry\/pl\/wp-json\/wp\/v2\/types\/product"}],"wp:featuredmedia":[{"embeddable":true,"href":"https:\/\/zl.jewelry\/pl\/wp-json\/wp\/v2\/media\/59665"}],"wp:attachment":[{"href":"https:\/\/zl.jewelry\/pl\/wp-json\/wp\/v2\/media?parent=44491"}],"wp:term":[{"taxonomy":"product_brand","embeddable":true,"href":"https:\/\/zl.jewelry\/pl\/wp-json\/wp\/v2\/product_brand?post=44491"},{"taxonomy":"product_cat","embeddable":true,"href":"https:\/\/zl.jewelry\/pl\/wp-json\/wp\/v2\/product_cat?post=44491"},{"taxonomy":"product_tag","embeddable":true,"href":"https:\/\/zl.jewelry\/pl\/wp-json\/wp\/v2\/product_tag?post=44491"}],"curies":[{"name":"wp","href":"https:\/\/api.w.org\/{rel}","templated":true}]}}