{"id":44487,"date":"2025-06-18T10:59:16","date_gmt":"2025-06-18T10:59:16","guid":{"rendered":"https:\/\/zl.jewelry\/product\/amulets-pendant\/"},"modified":"2025-09-26T18:29:57","modified_gmt":"2025-09-26T18:29:57","slug":"amulets-pendant","status":"publish","type":"product","link":"https:\/\/zl.jewelry\/pl\/product\/amulets-pendant\/","title":{"rendered":"Wisiorek \u201eObereg\u201d"},"content":{"rendered":"<p>Wisiorek na choince z czerwonego z\u0142ota pr\u00f3by 585*, waga&nbsp; 30,12 grama. Na awersie Jerzy Zwyci\u0119zca, na rewersie Gwiazda Dawida &#8211; z czarnego z\u0142ota, rodowany. Na&#038;nbspko\u0144cu z\u0142ota ramka ze wzorem. Wysoko\u015b\u0107 wisiorka z uszkiem 54 mm, \u015brednica wewn\u0119trzna uszka 6 mm..<\/p>\n","protected":false},"excerpt":{"rendered":"<p>Wisiorek na choince z czerwonego z\u0142ota pr\u00f3by 585*, waga&nbsp; 30,12 grama. Na awersie Jerzy Zwyci\u0119zca, na rewersie Gwiazda Dawida &#8211; z czarnego z\u0142ota, rodowany. Na&#038;nbspko\u0144cu z\u0142ota ramka ze wzorem. Wysoko\u015b\u0107 wisiorka z uszkiem 54 mm, \u015brednica wewn\u0119trzna uszka 6 mm..<\/p>\n","protected":false},"featured_media":44488,"template":"","meta":{"_acf_changed":false},"product_brand":[],"product_cat":[563,500,502],"product_tag":[],"class_list":{"0":"post-44487","1":"product","2":"type-product","3":"status-publish","4":"has-post-thumbnail","6":"product_cat-gold-pendants-pl","7":"product_cat-golden-icons-pl","8":"product_cat-on-an-ebony-tree-pl","10":"first","11":"instock","12":"product-type-simple"},"acf":[],"_links":{"self":[{"href":"https:\/\/zl.jewelry\/pl\/wp-json\/wp\/v2\/product\/44487","targetHints":{"allow":["GET"]}}],"collection":[{"href":"https:\/\/zl.jewelry\/pl\/wp-json\/wp\/v2\/product"}],"about":[{"href":"https:\/\/zl.jewelry\/pl\/wp-json\/wp\/v2\/types\/product"}],"wp:featuredmedia":[{"embeddable":true,"href":"https:\/\/zl.jewelry\/pl\/wp-json\/wp\/v2\/media\/44488"}],"wp:attachment":[{"href":"https:\/\/zl.jewelry\/pl\/wp-json\/wp\/v2\/media?parent=44487"}],"wp:term":[{"taxonomy":"product_brand","embeddable":true,"href":"https:\/\/zl.jewelry\/pl\/wp-json\/wp\/v2\/product_brand?post=44487"},{"taxonomy":"product_cat","embeddable":true,"href":"https:\/\/zl.jewelry\/pl\/wp-json\/wp\/v2\/product_cat?post=44487"},{"taxonomy":"product_tag","embeddable":true,"href":"https:\/\/zl.jewelry\/pl\/wp-json\/wp\/v2\/product_tag?post=44487"}],"curies":[{"name":"wp","href":"https:\/\/api.w.org\/{rel}","templated":true}]}}