{"id":44485,"date":"2025-06-18T10:59:16","date_gmt":"2025-06-18T10:59:16","guid":{"rendered":"https:\/\/zl.jewelry\/product\/excitement-pendant\/"},"modified":"2025-09-26T18:29:57","modified_gmt":"2025-09-26T18:29:57","slug":"excitement-pendant","status":"publish","type":"product","link":"https:\/\/zl.jewelry\/pl\/product\/excitement-pendant\/","title":{"rendered":"Wisiorek \u201ePodniecenie\u201d"},"content":{"rendered":"<p>Wisiorek na drzewie, z czerwonego z\u0142ota pr\u00f3by 585*, w formie tarczy, waga z\u0142ota w wisiorku 48,98 grama. Litera D jest ju\u017c po obu stronach, a wok\u00f3\u0142 niej znajduje si\u0119 wz\u00f3r z dpltu kolczastego. Wok\u00f3\u0142 kraw\u0119dzi znajduj\u0105 si\u0119 czarne fianity. Po\u015brodku g\u0142adkiej powierzchni znajduje si\u0119 wolumetryczny wz\u00f3r pistoletu i magazynka z nabojami, wypuk\u0142y wok\u00f3\u0142 zakrzywionego dpltu kolczastego. Wz\u00f3r na boku pozostaje bez zmian, na rewersie znajduje si\u0119 napis&nbsp;&quot;Kiedy \u017cycie jest zagro\u017cone, strzelaj pierwszy&hellip;mo\u017cesz jeszcze wyj\u015b\u0107 z wi\u0119zienia, ale nigdy z grobu&quot;. Wzory dpltu kolczastego na podstawach z bia\u0142ego z\u0142ota, grawerowane. Na ko\u0144cach znajduje si\u0119 wzorzysta ramka.<\/p>\n","protected":false},"excerpt":{"rendered":"<p>Wisiorek na drzewie, z czerwonego z\u0142ota pr\u00f3by 585*, w formie tarczy, waga z\u0142ota w wisiorku 48,98 grama. Litera D jest ju\u017c po obu stronach, a wok\u00f3\u0142 niej znajduje si\u0119 wz\u00f3r z dpltu kolczastego. Wok\u00f3\u0142 kraw\u0119dzi znajduj\u0105 si\u0119 czarne fianity. Po\u015brodku g\u0142adkiej powierzchni znajduje si\u0119 wolumetryczny wz\u00f3r pistoletu i magazynka z nabojami, wypuk\u0142y wok\u00f3\u0142 zakrzywionego dpltu&#8230;<\/p>\n","protected":false},"featured_media":44486,"template":"","meta":{"_acf_changed":false},"product_brand":[],"product_cat":[563,566,567,570],"product_tag":[],"class_list":{"0":"post-44485","1":"product","2":"type-product","3":"status-publish","4":"has-post-thumbnail","6":"product_cat-gold-pendants-pl","7":"product_cat-with-cubic-zirconia-2-pl","8":"product_cat-with-diamonds-2-pl","9":"product_cat-with-rocks-2-pl","11":"first","12":"instock","13":"product-type-simple"},"acf":[],"_links":{"self":[{"href":"https:\/\/zl.jewelry\/pl\/wp-json\/wp\/v2\/product\/44485","targetHints":{"allow":["GET"]}}],"collection":[{"href":"https:\/\/zl.jewelry\/pl\/wp-json\/wp\/v2\/product"}],"about":[{"href":"https:\/\/zl.jewelry\/pl\/wp-json\/wp\/v2\/types\/product"}],"wp:featuredmedia":[{"embeddable":true,"href":"https:\/\/zl.jewelry\/pl\/wp-json\/wp\/v2\/media\/44486"}],"wp:attachment":[{"href":"https:\/\/zl.jewelry\/pl\/wp-json\/wp\/v2\/media?parent=44485"}],"wp:term":[{"taxonomy":"product_brand","embeddable":true,"href":"https:\/\/zl.jewelry\/pl\/wp-json\/wp\/v2\/product_brand?post=44485"},{"taxonomy":"product_cat","embeddable":true,"href":"https:\/\/zl.jewelry\/pl\/wp-json\/wp\/v2\/product_cat?post=44485"},{"taxonomy":"product_tag","embeddable":true,"href":"https:\/\/zl.jewelry\/pl\/wp-json\/wp\/v2\/product_tag?post=44485"}],"curies":[{"name":"wp","href":"https:\/\/api.w.org\/{rel}","templated":true}]}}