{"id":44483,"date":"2025-06-18T10:59:16","date_gmt":"2025-06-18T10:59:16","guid":{"rendered":"https:\/\/zl.jewelry\/product\/textured-engagement-ring\/"},"modified":"2025-09-26T18:29:57","modified_gmt":"2025-09-26T18:29:57","slug":"textured-engagement-ring","status":"publish","type":"product","link":"https:\/\/zl.jewelry\/pl\/product\/textured-engagement-ring\/","title":{"rendered":"Pier\u015bcionek zar\u0119czynowy z tekstur\u0105"},"content":{"rendered":"<p>Pier\u015bcionek z bia\u0142ego z\u0142ota, waga zale\u017cy od rozmiapl. Szeroko\u015b\u0107 pr\u0119ta 5,5 mm, na ca\u0142ym obwodzie zamocowane s\u0105 diamenty&nbsp;czarne i bia\u0142e, \u015brednica od 1,5 &#8211; 1,7mm. Pasek ma wz\u00f3r kratepl, odlany w \u015blepej oprawie, centralnym kamieniem jest diament w kolorze szampana o \u015brednicy 7 mm. Pier\u015bcionek jest rodowany.<\/p>\n","protected":false},"excerpt":{"rendered":"<p>Pier\u015bcionek z bia\u0142ego z\u0142ota, waga zale\u017cy od rozmiapl. Szeroko\u015b\u0107 pr\u0119ta 5,5 mm, na ca\u0142ym obwodzie zamocowane s\u0105 diamenty&nbsp;czarne i bia\u0142e, \u015brednica od 1,5 &#8211; 1,7mm. Pasek ma wz\u00f3r kratepl, odlany w \u015blepej oprawie, centralnym kamieniem jest diament w kolorze szampana o \u015brednicy 7 mm. Pier\u015bcionek jest rodowany.<\/p>\n","protected":false},"featured_media":44484,"template":"","meta":{"_acf_changed":false},"product_brand":[],"product_cat":[523,527],"product_tag":[],"class_list":{"0":"post-44483","1":"product","2":"type-product","3":"status-publish","4":"has-post-thumbnail","6":"product_cat-engagement-rings-pl","7":"product_cat-white-gold-engagement-rings-pl","9":"first","10":"instock","11":"product-type-simple"},"acf":[],"_links":{"self":[{"href":"https:\/\/zl.jewelry\/pl\/wp-json\/wp\/v2\/product\/44483","targetHints":{"allow":["GET"]}}],"collection":[{"href":"https:\/\/zl.jewelry\/pl\/wp-json\/wp\/v2\/product"}],"about":[{"href":"https:\/\/zl.jewelry\/pl\/wp-json\/wp\/v2\/types\/product"}],"wp:featuredmedia":[{"embeddable":true,"href":"https:\/\/zl.jewelry\/pl\/wp-json\/wp\/v2\/media\/44484"}],"wp:attachment":[{"href":"https:\/\/zl.jewelry\/pl\/wp-json\/wp\/v2\/media?parent=44483"}],"wp:term":[{"taxonomy":"product_brand","embeddable":true,"href":"https:\/\/zl.jewelry\/pl\/wp-json\/wp\/v2\/product_brand?post=44483"},{"taxonomy":"product_cat","embeddable":true,"href":"https:\/\/zl.jewelry\/pl\/wp-json\/wp\/v2\/product_cat?post=44483"},{"taxonomy":"product_tag","embeddable":true,"href":"https:\/\/zl.jewelry\/pl\/wp-json\/wp\/v2\/product_tag?post=44483"}],"curies":[{"name":"wp","href":"https:\/\/api.w.org\/{rel}","templated":true}]}}