{"id":44481,"date":"2025-06-18T10:59:16","date_gmt":"2025-06-18T10:59:16","guid":{"rendered":"https:\/\/zl.jewelry\/product\/diamond-track-engagement-ring-in-white-gold\/"},"modified":"2025-09-26T18:29:56","modified_gmt":"2025-09-26T18:29:56","slug":"diamond-track-engagement-ring-in-white-gold","status":"publish","type":"product","link":"https:\/\/zl.jewelry\/pl\/product\/diamond-track-engagement-ring-in-white-gold\/","title":{"rendered":"Pier\u015bcionek zar\u0119czynowy &#8222;Diamond Track&#8221; z bia\u0142ego z\u0142ota"},"content":{"rendered":"<p>Pier\u015bcionek z bia\u0142ego z\u0142ota, ze \u015bcie\u017ck\u0105 kamieni. W rozmiarze 16 waga z\u0142ota wynosi 2,41 grama. Wstawki w pier\u015bcionku to 2mm fianit. Pier\u015bcionek jest rodowany.<\/p>\n<p>_x000D_<\/p>\n","protected":false},"excerpt":{"rendered":"<p>Pier\u015bcionek z bia\u0142ego z\u0142ota, ze \u015bcie\u017ck\u0105 kamieni. W rozmiarze 16 waga z\u0142ota wynosi 2,41 grama. Wstawki w pier\u015bcionku to 2mm fianit. Pier\u015bcionek jest rodowany. _x000D_<\/p>\n","protected":false},"featured_media":44482,"template":"","meta":{"_acf_changed":false},"product_brand":[],"product_cat":[523,524,527],"product_tag":[],"class_list":{"0":"post-44481","1":"product","2":"type-product","3":"status-publish","4":"has-post-thumbnail","6":"product_cat-engagement-rings-pl","7":"product_cat-engagement-rings-with-diamonds-pl","8":"product_cat-white-gold-engagement-rings-pl","10":"first","11":"instock","12":"product-type-simple"},"acf":[],"_links":{"self":[{"href":"https:\/\/zl.jewelry\/pl\/wp-json\/wp\/v2\/product\/44481","targetHints":{"allow":["GET"]}}],"collection":[{"href":"https:\/\/zl.jewelry\/pl\/wp-json\/wp\/v2\/product"}],"about":[{"href":"https:\/\/zl.jewelry\/pl\/wp-json\/wp\/v2\/types\/product"}],"wp:featuredmedia":[{"embeddable":true,"href":"https:\/\/zl.jewelry\/pl\/wp-json\/wp\/v2\/media\/44482"}],"wp:attachment":[{"href":"https:\/\/zl.jewelry\/pl\/wp-json\/wp\/v2\/media?parent=44481"}],"wp:term":[{"taxonomy":"product_brand","embeddable":true,"href":"https:\/\/zl.jewelry\/pl\/wp-json\/wp\/v2\/product_brand?post=44481"},{"taxonomy":"product_cat","embeddable":true,"href":"https:\/\/zl.jewelry\/pl\/wp-json\/wp\/v2\/product_cat?post=44481"},{"taxonomy":"product_tag","embeddable":true,"href":"https:\/\/zl.jewelry\/pl\/wp-json\/wp\/v2\/product_tag?post=44481"}],"curies":[{"name":"wp","href":"https:\/\/api.w.org\/{rel}","templated":true}]}}