{"id":44477,"date":"2025-06-18T10:59:16","date_gmt":"2025-06-18T10:59:16","guid":{"rendered":"https:\/\/zl.jewelry\/product\/levitation-ring\/"},"modified":"2025-09-26T18:29:56","modified_gmt":"2025-09-26T18:29:56","slug":"levitation-ring","status":"publish","type":"product","link":"https:\/\/zl.jewelry\/pl\/product\/levitation-ring\/","title":{"rendered":"Pier\u015bcie\u0144 &#8222;Livitation&#8221;"},"content":{"rendered":"<p>Pier\u015bcionek z czerwonego z\u0142ota, w rozmiarze 18, wa\u017cy&nbsp;5,00 gram&oacute;w. Rozmiar kwadratu to 20x20mm. Kamie\u0144 ma \u015brednic\u0119 5 mm, mo\u017cna osadzi\u0107 dowolny kamie\u0144. Waga z\u0142ota jest w korelacji z rozmiarem.<\/p>\n<p>_x000D_<\/p>\n","protected":false},"excerpt":{"rendered":"<p>Pier\u015bcionek z czerwonego z\u0142ota, w rozmiarze 18, wa\u017cy&nbsp;5,00 gram&oacute;w. Rozmiar kwadratu to 20x20mm. Kamie\u0144 ma \u015brednic\u0119 5 mm, mo\u017cna osadzi\u0107 dowolny kamie\u0144. Waga z\u0142ota jest w korelacji z rozmiarem. _x000D_<\/p>\n","protected":false},"featured_media":49287,"template":"","meta":{"_acf_changed":false},"product_brand":[],"product_cat":[514,518,519,522],"product_tag":[],"class_list":{"0":"post-44477","1":"product","2":"type-product","3":"status-publish","4":"has-post-thumbnail","6":"product_cat-golden-rings-pl","7":"product_cat-red-gold-rings-pl","8":"product_cat-rings-with-diamonds-pl","9":"product_cat-with-rocks-pl","11":"first","12":"instock","13":"product-type-simple"},"acf":[],"_links":{"self":[{"href":"https:\/\/zl.jewelry\/pl\/wp-json\/wp\/v2\/product\/44477","targetHints":{"allow":["GET"]}}],"collection":[{"href":"https:\/\/zl.jewelry\/pl\/wp-json\/wp\/v2\/product"}],"about":[{"href":"https:\/\/zl.jewelry\/pl\/wp-json\/wp\/v2\/types\/product"}],"wp:featuredmedia":[{"embeddable":true,"href":"https:\/\/zl.jewelry\/pl\/wp-json\/wp\/v2\/media\/49287"}],"wp:attachment":[{"href":"https:\/\/zl.jewelry\/pl\/wp-json\/wp\/v2\/media?parent=44477"}],"wp:term":[{"taxonomy":"product_brand","embeddable":true,"href":"https:\/\/zl.jewelry\/pl\/wp-json\/wp\/v2\/product_brand?post=44477"},{"taxonomy":"product_cat","embeddable":true,"href":"https:\/\/zl.jewelry\/pl\/wp-json\/wp\/v2\/product_cat?post=44477"},{"taxonomy":"product_tag","embeddable":true,"href":"https:\/\/zl.jewelry\/pl\/wp-json\/wp\/v2\/product_tag?post=44477"}],"curies":[{"name":"wp","href":"https:\/\/api.w.org\/{rel}","templated":true}]}}