{"id":44475,"date":"2025-06-18T10:59:16","date_gmt":"2025-06-18T10:59:16","guid":{"rendered":"https:\/\/zl.jewelry\/product\/love-ring\/"},"modified":"2025-09-26T18:29:56","modified_gmt":"2025-09-26T18:29:56","slug":"love-ring","status":"publish","type":"product","link":"https:\/\/zl.jewelry\/pl\/product\/love-ring\/","title":{"rendered":"Pier\u015bcie\u0144 &#8222;LOVE&#8221;"},"content":{"rendered":"<p>Pier\u015bcionek z rodowanego bia\u0142ego z\u0142ota, o rozmiarze 18,5, waga bi\u017cuterii to 2,89 grama. Waga mo\u017ce si\u0119 r\u00f3\u017cni\u0107 w zale\u017cno\u015bci od rozmiapl. Kamienne wstawki o \u015brednicy 1 mm, kamienie mog\u0105 by\u0107 osadzone w dowolny spos\u00f3b.<\/p>\n","protected":false},"excerpt":{"rendered":"<p>Pier\u015bcionek z rodowanego bia\u0142ego z\u0142ota, o rozmiarze 18,5, waga bi\u017cuterii to 2,89 grama. Waga mo\u017ce si\u0119 r\u00f3\u017cni\u0107 w zale\u017cno\u015bci od rozmiapl. Kamienne wstawki o \u015brednicy 1 mm, kamienie mog\u0105 by\u0107 osadzone w dowolny spos\u00f3b.<\/p>\n","protected":false},"featured_media":44476,"template":"","meta":{"_acf_changed":false},"product_brand":[],"product_cat":[514,519,520,522],"product_tag":[],"class_list":{"0":"post-44475","1":"product","2":"type-product","3":"status-publish","4":"has-post-thumbnail","6":"product_cat-golden-rings-pl","7":"product_cat-rings-with-diamonds-pl","8":"product_cat-white-gold-rings-pl","9":"product_cat-with-rocks-pl","11":"first","12":"instock","13":"product-type-simple"},"acf":[],"_links":{"self":[{"href":"https:\/\/zl.jewelry\/pl\/wp-json\/wp\/v2\/product\/44475","targetHints":{"allow":["GET"]}}],"collection":[{"href":"https:\/\/zl.jewelry\/pl\/wp-json\/wp\/v2\/product"}],"about":[{"href":"https:\/\/zl.jewelry\/pl\/wp-json\/wp\/v2\/types\/product"}],"wp:featuredmedia":[{"embeddable":true,"href":"https:\/\/zl.jewelry\/pl\/wp-json\/wp\/v2\/media\/44476"}],"wp:attachment":[{"href":"https:\/\/zl.jewelry\/pl\/wp-json\/wp\/v2\/media?parent=44475"}],"wp:term":[{"taxonomy":"product_brand","embeddable":true,"href":"https:\/\/zl.jewelry\/pl\/wp-json\/wp\/v2\/product_brand?post=44475"},{"taxonomy":"product_cat","embeddable":true,"href":"https:\/\/zl.jewelry\/pl\/wp-json\/wp\/v2\/product_cat?post=44475"},{"taxonomy":"product_tag","embeddable":true,"href":"https:\/\/zl.jewelry\/pl\/wp-json\/wp\/v2\/product_tag?post=44475"}],"curies":[{"name":"wp","href":"https:\/\/api.w.org\/{rel}","templated":true}]}}