{"id":44473,"date":"2025-06-18T10:59:16","date_gmt":"2025-06-18T10:59:16","guid":{"rendered":"https:\/\/zl.jewelry\/product\/abstraction-ring\/"},"modified":"2025-09-26T18:29:55","modified_gmt":"2025-09-26T18:29:55","slug":"abstraction-ring","status":"publish","type":"product","link":"https:\/\/zl.jewelry\/pl\/product\/abstraction-ring\/","title":{"rendered":"Pier\u015bcie\u0144 \u201eAbstrakcja\u201d"},"content":{"rendered":"<p>Pier\u015bcionek z czerwonego z\u0142ota, centralny element z bia\u0142ego z\u0142ota, pr\u00f3ba 585*. Kamienie to niebieski szafir i moissanit. Rozmiar kamieni to 3 &#8211; 3,5 mm. Waga pier\u015bcionka wynosi oko\u0142o 1,80 grama.<\/p>\n","protected":false},"excerpt":{"rendered":"<p>Pier\u015bcionek z czerwonego z\u0142ota, centralny element z bia\u0142ego z\u0142ota, pr\u00f3ba 585*. Kamienie to niebieski szafir i moissanit. Rozmiar kamieni to 3 &#8211; 3,5 mm. Waga pier\u015bcionka wynosi oko\u0142o 1,80 grama.<\/p>\n","protected":false},"featured_media":49303,"template":"","meta":{"_acf_changed":false},"product_brand":[],"product_cat":[514,518,519,522],"product_tag":[],"class_list":{"0":"post-44473","1":"product","2":"type-product","3":"status-publish","4":"has-post-thumbnail","6":"product_cat-golden-rings-pl","7":"product_cat-red-gold-rings-pl","8":"product_cat-rings-with-diamonds-pl","9":"product_cat-with-rocks-pl","11":"first","12":"instock","13":"product-type-simple"},"acf":[],"_links":{"self":[{"href":"https:\/\/zl.jewelry\/pl\/wp-json\/wp\/v2\/product\/44473","targetHints":{"allow":["GET"]}}],"collection":[{"href":"https:\/\/zl.jewelry\/pl\/wp-json\/wp\/v2\/product"}],"about":[{"href":"https:\/\/zl.jewelry\/pl\/wp-json\/wp\/v2\/types\/product"}],"wp:featuredmedia":[{"embeddable":true,"href":"https:\/\/zl.jewelry\/pl\/wp-json\/wp\/v2\/media\/49303"}],"wp:attachment":[{"href":"https:\/\/zl.jewelry\/pl\/wp-json\/wp\/v2\/media?parent=44473"}],"wp:term":[{"taxonomy":"product_brand","embeddable":true,"href":"https:\/\/zl.jewelry\/pl\/wp-json\/wp\/v2\/product_brand?post=44473"},{"taxonomy":"product_cat","embeddable":true,"href":"https:\/\/zl.jewelry\/pl\/wp-json\/wp\/v2\/product_cat?post=44473"},{"taxonomy":"product_tag","embeddable":true,"href":"https:\/\/zl.jewelry\/pl\/wp-json\/wp\/v2\/product_tag?post=44473"}],"curies":[{"name":"wp","href":"https:\/\/api.w.org\/{rel}","templated":true}]}}