{"id":44467,"date":"2025-06-18T10:59:21","date_gmt":"2025-06-18T10:59:21","guid":{"rendered":"https:\/\/zl.jewelry\/product\/couple-in-love-bracelets\/"},"modified":"2025-09-26T18:30:05","modified_gmt":"2025-09-26T18:30:05","slug":"couple-in-love-bracelets","status":"publish","type":"product","link":"https:\/\/zl.jewelry\/pl\/product\/couple-in-love-bracelets\/","title":{"rendered":"Para bransoletek \u201eKochaj\u0105ca si\u0119 para\u201d"},"content":{"rendered":"<p>Bransoletki w parach, dla zakochanej pary, b\u0119d\u0105 oryginalnym symbolem mi\u0142o\u015bci. Oto jeden z przyk\u0142ad\u00f3w bi\u017cuterii parowanej. Bransoletki na sznurku, ze z\u0142otymi wstawkami z bia\u0142ego z\u0142ota, platerowane rodem. Waga jest w stosunku \u015brednicy sznura i ilo\u015bci wstawek na bransoletce, przy \u015brednicy sznura 4 mm jedna bransoletka wa\u017cy 10,06 grama. M\u0119ska bransoletka ma 22 cm d\u0142ugo\u015bci, a damska 18,5 grama. \u015arodkowa wstawka przedstawia zakochan\u0105 par\u0119, po kt\u00f3rej nast\u0119puj\u0105 g\u0142adkie wstawki i zapi\u0119cie na karabi\u0144czyk z za\u015blepkami. Wz\u00f3r i rozmiar&nbsp;mo\u017cna zmieni\u0107 zgodnie z \u017cyczeniem klienta.<\/p>\n","protected":false},"excerpt":{"rendered":"<p>Bransoletki w parach, dla zakochanej pary, b\u0119d\u0105 oryginalnym symbolem mi\u0142o\u015bci. Oto jeden z przyk\u0142ad\u00f3w bi\u017cuterii parowanej. Bransoletki na sznurku, ze z\u0142otymi wstawkami z bia\u0142ego z\u0142ota, platerowane rodem. Waga jest w stosunku \u015brednicy sznura i ilo\u015bci wstawek na bransoletce, przy \u015brednicy sznura 4 mm jedna bransoletka wa\u017cy 10,06 grama. M\u0119ska bransoletka ma 22 cm d\u0142ugo\u015bci, a&#8230;<\/p>\n","protected":false},"featured_media":44468,"template":"","meta":{"_acf_changed":false},"product_brand":[],"product_cat":[557,560,562],"product_tag":[],"class_list":{"0":"post-44467","1":"product","2":"type-product","3":"status-publish","4":"has-post-thumbnail","6":"product_cat-bracelets-pl","7":"product_cat-gold-bracelets-up-to-30-gr-pl","8":"product_cat-silk-bracelets-with-gold-inserts-pl","10":"first","11":"instock","12":"product-type-simple"},"acf":[],"_links":{"self":[{"href":"https:\/\/zl.jewelry\/pl\/wp-json\/wp\/v2\/product\/44467","targetHints":{"allow":["GET"]}}],"collection":[{"href":"https:\/\/zl.jewelry\/pl\/wp-json\/wp\/v2\/product"}],"about":[{"href":"https:\/\/zl.jewelry\/pl\/wp-json\/wp\/v2\/types\/product"}],"wp:featuredmedia":[{"embeddable":true,"href":"https:\/\/zl.jewelry\/pl\/wp-json\/wp\/v2\/media\/44468"}],"wp:attachment":[{"href":"https:\/\/zl.jewelry\/pl\/wp-json\/wp\/v2\/media?parent=44467"}],"wp:term":[{"taxonomy":"product_brand","embeddable":true,"href":"https:\/\/zl.jewelry\/pl\/wp-json\/wp\/v2\/product_brand?post=44467"},{"taxonomy":"product_cat","embeddable":true,"href":"https:\/\/zl.jewelry\/pl\/wp-json\/wp\/v2\/product_cat?post=44467"},{"taxonomy":"product_tag","embeddable":true,"href":"https:\/\/zl.jewelry\/pl\/wp-json\/wp\/v2\/product_tag?post=44467"}],"curies":[{"name":"wp","href":"https:\/\/api.w.org\/{rel}","templated":true}]}}