{"id":44465,"date":"2025-06-18T10:59:21","date_gmt":"2025-06-18T10:59:21","guid":{"rendered":"https:\/\/zl.jewelry\/product\/abstraction-bracelet\/"},"modified":"2026-04-27T11:28:51","modified_gmt":"2026-04-27T11:28:51","slug":"abstraction-bracelet","status":"publish","type":"product","link":"https:\/\/zl.jewelry\/pl\/product\/abstraction-bracelet\/","title":{"rendered":"Bransoletka &#8222;Abstrakcja&#8221;"},"content":{"rendered":"<p>Bransoletka z cytrynowego z\u0142ota pr\u00f3by 585* o wadze 59 gram\u00f3w. Twarda bransoletka bez zapi\u0119cia, szeroko\u015b\u0107 \u015brodkowej cz\u0119\u015bci 70mm, bransoletka posiada monogram. Rozmiar bransoletki to 16.5cm.<\/p>\n","protected":false},"excerpt":{"rendered":"<p>Bransoletka z cytrynowego z\u0142ota pr\u00f3by 585* o wadze 59 gram\u00f3w. Twarda bransoletka bez zapi\u0119cia, szeroko\u015b\u0107 \u015brodkowej cz\u0119\u015bci 70mm, bransoletka posiada monogram. Rozmiar bransoletki to 16.5cm.<\/p>\n","protected":false},"featured_media":44466,"template":"","meta":{"_acf_changed":false},"product_brand":[],"product_cat":[557,559],"product_tag":[],"class_list":{"0":"post-44465","1":"product","2":"type-product","3":"status-publish","4":"has-post-thumbnail","6":"product_cat-bracelets-pl","7":"product_cat-gold-bracelets-from-30-gr-pl","9":"first","10":"instock","11":"product-type-simple"},"acf":[],"_links":{"self":[{"href":"https:\/\/zl.jewelry\/pl\/wp-json\/wp\/v2\/product\/44465","targetHints":{"allow":["GET"]}}],"collection":[{"href":"https:\/\/zl.jewelry\/pl\/wp-json\/wp\/v2\/product"}],"about":[{"href":"https:\/\/zl.jewelry\/pl\/wp-json\/wp\/v2\/types\/product"}],"wp:featuredmedia":[{"embeddable":true,"href":"https:\/\/zl.jewelry\/pl\/wp-json\/wp\/v2\/media\/44466"}],"wp:attachment":[{"href":"https:\/\/zl.jewelry\/pl\/wp-json\/wp\/v2\/media?parent=44465"}],"wp:term":[{"taxonomy":"product_brand","embeddable":true,"href":"https:\/\/zl.jewelry\/pl\/wp-json\/wp\/v2\/product_brand?post=44465"},{"taxonomy":"product_cat","embeddable":true,"href":"https:\/\/zl.jewelry\/pl\/wp-json\/wp\/v2\/product_cat?post=44465"},{"taxonomy":"product_tag","embeddable":true,"href":"https:\/\/zl.jewelry\/pl\/wp-json\/wp\/v2\/product_tag?post=44465"}],"curies":[{"name":"wp","href":"https:\/\/api.w.org\/{rel}","templated":true}]}}