{"id":44463,"date":"2025-06-18T10:59:21","date_gmt":"2025-06-18T10:59:21","guid":{"rendered":"https:\/\/zl.jewelry\/product\/bracelet-in-a-combination\/"},"modified":"2025-09-26T18:30:05","modified_gmt":"2025-09-26T18:30:05","slug":"bracelet-in-a-combination","status":"publish","type":"product","link":"https:\/\/zl.jewelry\/pl\/product\/bracelet-in-a-combination\/","title":{"rendered":"Bransoletka w kombinacji"},"content":{"rendered":"<p>Oryginalna bransoletka z po\u0142\u0105czenia bia\u0142ego i czerwonego z\u0142ota. Elementy z bia\u0142ego z\u0142ota pokryte rodem. Waga jest w korelacji z rozmiarem, przy obwodzie nadgarstka 18, waga z\u0142ota w bransoletce wynosi 38,74 gram\u00f3w.<\/p>\n","protected":false},"excerpt":{"rendered":"<p>Oryginalna bransoletka z po\u0142\u0105czenia bia\u0142ego i czerwonego z\u0142ota. Elementy z bia\u0142ego z\u0142ota pokryte rodem. Waga jest w korelacji z rozmiarem, przy obwodzie nadgarstka 18, waga z\u0142ota w bransoletce wynosi 38,74 gram\u00f3w.<\/p>\n","protected":false},"featured_media":44464,"template":"","meta":{"_acf_changed":false},"product_brand":[],"product_cat":[557,559],"product_tag":[],"class_list":{"0":"post-44463","1":"product","2":"type-product","3":"status-publish","4":"has-post-thumbnail","6":"product_cat-bracelets-pl","7":"product_cat-gold-bracelets-from-30-gr-pl","9":"first","10":"instock","11":"product-type-simple"},"acf":[],"_links":{"self":[{"href":"https:\/\/zl.jewelry\/pl\/wp-json\/wp\/v2\/product\/44463","targetHints":{"allow":["GET"]}}],"collection":[{"href":"https:\/\/zl.jewelry\/pl\/wp-json\/wp\/v2\/product"}],"about":[{"href":"https:\/\/zl.jewelry\/pl\/wp-json\/wp\/v2\/types\/product"}],"wp:featuredmedia":[{"embeddable":true,"href":"https:\/\/zl.jewelry\/pl\/wp-json\/wp\/v2\/media\/44464"}],"wp:attachment":[{"href":"https:\/\/zl.jewelry\/pl\/wp-json\/wp\/v2\/media?parent=44463"}],"wp:term":[{"taxonomy":"product_brand","embeddable":true,"href":"https:\/\/zl.jewelry\/pl\/wp-json\/wp\/v2\/product_brand?post=44463"},{"taxonomy":"product_cat","embeddable":true,"href":"https:\/\/zl.jewelry\/pl\/wp-json\/wp\/v2\/product_cat?post=44463"},{"taxonomy":"product_tag","embeddable":true,"href":"https:\/\/zl.jewelry\/pl\/wp-json\/wp\/v2\/product_tag?post=44463"}],"curies":[{"name":"wp","href":"https:\/\/api.w.org\/{rel}","templated":true}]}}