{"id":44455,"date":"2025-06-18T10:59:21","date_gmt":"2025-06-18T10:59:21","guid":{"rendered":"https:\/\/zl.jewelry\/product\/bracelet-with-personalized-inscription\/"},"modified":"2025-09-26T18:30:04","modified_gmt":"2025-09-26T18:30:04","slug":"bracelet-with-personalized-inscription","status":"publish","type":"product","link":"https:\/\/zl.jewelry\/pl\/product\/bracelet-with-personalized-inscription\/","title":{"rendered":"Bransoletka ze spersonalizowanym napisem"},"content":{"rendered":"<p>Bransoletka sznurkowa, \u015brednica sznura 3-4mm, sznur czarny. Wk\u0142adki z czerwonego z\u0142ota pr\u00f3by 585*, waga z\u0142ota 6,30 grama. \u015arednica ko\u0142a 18mm, zapi\u0119cie okr\u0105g\u0142e, d\u0142ugo\u015b\u0107 bransoletki 15,6cm.Napis na okr\u0119gu jest spersonalizowany.<\/p>\n<p>.<\/p>\n","protected":false},"excerpt":{"rendered":"<p>Bransoletka sznurkowa, \u015brednica sznura 3-4mm, sznur czarny. Wk\u0142adki z czerwonego z\u0142ota pr\u00f3by 585*, waga z\u0142ota 6,30 grama. \u015arednica ko\u0142a 18mm, zapi\u0119cie okr\u0105g\u0142e, d\u0142ugo\u015b\u0107 bransoletki 15,6cm.Napis na okr\u0119gu jest spersonalizowany. .<\/p>\n","protected":false},"featured_media":44456,"template":"","meta":{"_acf_changed":false},"product_brand":[],"product_cat":[557,560,562],"product_tag":[],"class_list":{"0":"post-44455","1":"product","2":"type-product","3":"status-publish","4":"has-post-thumbnail","6":"product_cat-bracelets-pl","7":"product_cat-gold-bracelets-up-to-30-gr-pl","8":"product_cat-silk-bracelets-with-gold-inserts-pl","10":"first","11":"instock","12":"product-type-simple"},"acf":[],"_links":{"self":[{"href":"https:\/\/zl.jewelry\/pl\/wp-json\/wp\/v2\/product\/44455","targetHints":{"allow":["GET"]}}],"collection":[{"href":"https:\/\/zl.jewelry\/pl\/wp-json\/wp\/v2\/product"}],"about":[{"href":"https:\/\/zl.jewelry\/pl\/wp-json\/wp\/v2\/types\/product"}],"wp:featuredmedia":[{"embeddable":true,"href":"https:\/\/zl.jewelry\/pl\/wp-json\/wp\/v2\/media\/44456"}],"wp:attachment":[{"href":"https:\/\/zl.jewelry\/pl\/wp-json\/wp\/v2\/media?parent=44455"}],"wp:term":[{"taxonomy":"product_brand","embeddable":true,"href":"https:\/\/zl.jewelry\/pl\/wp-json\/wp\/v2\/product_brand?post=44455"},{"taxonomy":"product_cat","embeddable":true,"href":"https:\/\/zl.jewelry\/pl\/wp-json\/wp\/v2\/product_cat?post=44455"},{"taxonomy":"product_tag","embeddable":true,"href":"https:\/\/zl.jewelry\/pl\/wp-json\/wp\/v2\/product_tag?post=44455"}],"curies":[{"name":"wp","href":"https:\/\/api.w.org\/{rel}","templated":true}]}}