{"id":44449,"date":"2025-06-18T10:59:21","date_gmt":"2025-06-18T10:59:21","guid":{"rendered":"https:\/\/zl.jewelry\/product\/our-father-bracelet-in-red-gold\/"},"modified":"2025-09-26T18:30:03","modified_gmt":"2025-09-26T18:30:03","slug":"our-father-bracelet-in-red-gold","status":"publish","type":"product","link":"https:\/\/zl.jewelry\/pl\/product\/our-father-bracelet-in-red-gold\/","title":{"rendered":"Bransoletka \u201eNasz Ojciec\u201d z czerwonego z\u0142ota"},"content":{"rendered":"<p>Bransoletka w kolorze czerwonego z\u0142ota na sk\u00f3rze. W centralnej cz\u0119\u015bci wstawka z modlitw\u0105 \u201eOjcze nasz\u201d, po bokach wstawki z wizeplnkiem \u015bw. Miko\u0142aja i Matki Boskiej, w formie nak\u0142adek z bia\u0142ego z\u0142ota, kt\u00f3re s\u0105 pokryte rodem, na odwrocie po bokach wstawki z imionami, na \u017cyczenie klienta. Zamkni\u0119cie stanowi pude\u0142ko z&#038;nbspindywidualizacj\u0105 i&nbsp;jednym zamkiem. Waga zale\u017cy od ilo\u015bci wk\u0142adek i ich \u015brednicy. Przy szeroko\u015bci sk\u00f3ry 14,2 mm waga z\u0142ota w bi\u017cuterii to 47,47 grama, wielko\u015b\u0107 bransoletki to 21 gram\u00f3w. Wz\u00f3r mo\u017ce by\u0107 zmieniony zgodnie z \u017cyczeniem klienta.<\/p>\n","protected":false},"excerpt":{"rendered":"<p>Bransoletka w kolorze czerwonego z\u0142ota na sk\u00f3rze. W centralnej cz\u0119\u015bci wstawka z modlitw\u0105 \u201eOjcze nasz\u201d, po bokach wstawki z wizeplnkiem \u015bw. Miko\u0142aja i Matki Boskiej, w formie nak\u0142adek z bia\u0142ego z\u0142ota, kt\u00f3re s\u0105 pokryte rodem, na odwrocie po bokach wstawki z imionami, na \u017cyczenie klienta. Zamkni\u0119cie stanowi pude\u0142ko z&#038;nbspindywidualizacj\u0105 i&nbsp;jednym zamkiem. Waga zale\u017cy od ilo\u015bci&#8230;<\/p>\n","protected":false},"featured_media":44450,"template":"","meta":{"_acf_changed":false},"product_brand":[],"product_cat":[557,559,561],"product_tag":[],"class_list":{"0":"post-44449","1":"product","2":"type-product","3":"status-publish","4":"has-post-thumbnail","6":"product_cat-bracelets-pl","7":"product_cat-gold-bracelets-from-30-gr-pl","8":"product_cat-leather-bracelets-with-gold-inserts-pl","10":"first","11":"instock","12":"product-type-simple"},"acf":[],"_links":{"self":[{"href":"https:\/\/zl.jewelry\/pl\/wp-json\/wp\/v2\/product\/44449","targetHints":{"allow":["GET"]}}],"collection":[{"href":"https:\/\/zl.jewelry\/pl\/wp-json\/wp\/v2\/product"}],"about":[{"href":"https:\/\/zl.jewelry\/pl\/wp-json\/wp\/v2\/types\/product"}],"wp:featuredmedia":[{"embeddable":true,"href":"https:\/\/zl.jewelry\/pl\/wp-json\/wp\/v2\/media\/44450"}],"wp:attachment":[{"href":"https:\/\/zl.jewelry\/pl\/wp-json\/wp\/v2\/media?parent=44449"}],"wp:term":[{"taxonomy":"product_brand","embeddable":true,"href":"https:\/\/zl.jewelry\/pl\/wp-json\/wp\/v2\/product_brand?post=44449"},{"taxonomy":"product_cat","embeddable":true,"href":"https:\/\/zl.jewelry\/pl\/wp-json\/wp\/v2\/product_cat?post=44449"},{"taxonomy":"product_tag","embeddable":true,"href":"https:\/\/zl.jewelry\/pl\/wp-json\/wp\/v2\/product_tag?post=44449"}],"curies":[{"name":"wp","href":"https:\/\/api.w.org\/{rel}","templated":true}]}}