{"id":44445,"date":"2025-06-18T10:59:21","date_gmt":"2025-06-18T10:59:21","guid":{"rendered":"https:\/\/zl.jewelry\/product\/bracelet-golden-fleece\/"},"modified":"2025-09-26T18:30:03","modified_gmt":"2025-09-26T18:30:03","slug":"bracelet-golden-fleece","status":"publish","type":"product","link":"https:\/\/zl.jewelry\/pl\/product\/bracelet-golden-fleece\/","title":{"rendered":"Bransoletka \u201eZ\u0142ote plno\u201d"},"content":{"rendered":"<p>Bransoletka z czerwonego z\u0142ota pr\u00f3by 585*, w rozmiarze 20cm waga bransoletki to 22.39grama. Bransoletka z ogniwami w formie wie\u0144c\u00f3w laurowych, w centralnym ogniwie znajduje si\u0119 z\u0142ote plno, 4 ogniwa pokryte zielon\u0105 emali\u0105, na dw\u00f3ch ogniwach wizeplnki tygrysa i feniksa. W bransolecie osadzone 2 plbiny &#8211; \u015brednica 2; 2,5mm, oraz 6 akwamaryn\u00f3w &#8211; \u015brednica 1,5mm, r\u00f3wnie\u017c na zapi\u0119ciu dodany znak Marsa. Tygrys, feniks i znak Marsa w bia\u0142ym z\u0142ocie, rodowane.<\/p>\n<p>.<\/p>\n","protected":false},"excerpt":{"rendered":"<p>Bransoletka z czerwonego z\u0142ota pr\u00f3by 585*, w rozmiarze 20cm waga bransoletki to 22.39grama. Bransoletka z ogniwami w formie wie\u0144c\u00f3w laurowych, w centralnym ogniwie znajduje si\u0119 z\u0142ote plno, 4 ogniwa pokryte zielon\u0105 emali\u0105, na dw\u00f3ch ogniwach wizeplnki tygrysa i feniksa. W bransolecie osadzone 2 plbiny &#8211; \u015brednica 2; 2,5mm, oraz 6 akwamaryn\u00f3w &#8211; \u015brednica 1,5mm, r\u00f3wnie\u017c&#8230;<\/p>\n","protected":false},"featured_media":44446,"template":"","meta":{"_acf_changed":false},"product_brand":[],"product_cat":[557,560],"product_tag":[],"class_list":{"0":"post-44445","1":"product","2":"type-product","3":"status-publish","4":"has-post-thumbnail","6":"product_cat-bracelets-pl","7":"product_cat-gold-bracelets-up-to-30-gr-pl","9":"first","10":"instock","11":"product-type-simple"},"acf":[],"_links":{"self":[{"href":"https:\/\/zl.jewelry\/pl\/wp-json\/wp\/v2\/product\/44445","targetHints":{"allow":["GET"]}}],"collection":[{"href":"https:\/\/zl.jewelry\/pl\/wp-json\/wp\/v2\/product"}],"about":[{"href":"https:\/\/zl.jewelry\/pl\/wp-json\/wp\/v2\/types\/product"}],"wp:featuredmedia":[{"embeddable":true,"href":"https:\/\/zl.jewelry\/pl\/wp-json\/wp\/v2\/media\/44446"}],"wp:attachment":[{"href":"https:\/\/zl.jewelry\/pl\/wp-json\/wp\/v2\/media?parent=44445"}],"wp:term":[{"taxonomy":"product_brand","embeddable":true,"href":"https:\/\/zl.jewelry\/pl\/wp-json\/wp\/v2\/product_brand?post=44445"},{"taxonomy":"product_cat","embeddable":true,"href":"https:\/\/zl.jewelry\/pl\/wp-json\/wp\/v2\/product_cat?post=44445"},{"taxonomy":"product_tag","embeddable":true,"href":"https:\/\/zl.jewelry\/pl\/wp-json\/wp\/v2\/product_tag?post=44445"}],"curies":[{"name":"wp","href":"https:\/\/api.w.org\/{rel}","templated":true}]}}