{"id":44443,"date":"2025-06-18T10:59:21","date_gmt":"2025-06-18T10:59:21","guid":{"rendered":"https:\/\/zl.jewelry\/product\/snake-bracelet\/"},"modified":"2025-09-26T18:30:02","modified_gmt":"2025-09-26T18:30:02","slug":"snake-bracelet","status":"publish","type":"product","link":"https:\/\/zl.jewelry\/pl\/product\/snake-bracelet\/","title":{"rendered":"Bransoletka \u201eW\u0105\u017c\u201d"},"content":{"rendered":"<p>Bransoletka z czerwonego z\u0142ota pr\u00f3by 585* o wadze 15,67 grama i d\u0142ugo\u015bci 16,5 cm. W centplm znajduje si\u0119 symulowana g\u0142owa w\u0119\u017ca. W oczach w\u0119\u017ca szmaragdy o \u015brednicy 1,25mm. Zapi\u0119cie to karabi\u0144czyk.<\/p>\n","protected":false},"excerpt":{"rendered":"<p>Bransoletka z czerwonego z\u0142ota pr\u00f3by 585* o wadze 15,67 grama i d\u0142ugo\u015bci 16,5 cm. W centplm znajduje si\u0119 symulowana g\u0142owa w\u0119\u017ca. W oczach w\u0119\u017ca szmaragdy o \u015brednicy 1,25mm. Zapi\u0119cie to karabi\u0144czyk.<\/p>\n","protected":false},"featured_media":44444,"template":"","meta":{"_acf_changed":false},"product_brand":[],"product_cat":[557,560],"product_tag":[],"class_list":{"0":"post-44443","1":"product","2":"type-product","3":"status-publish","4":"has-post-thumbnail","6":"product_cat-bracelets-pl","7":"product_cat-gold-bracelets-up-to-30-gr-pl","9":"first","10":"instock","11":"product-type-simple"},"acf":[],"_links":{"self":[{"href":"https:\/\/zl.jewelry\/pl\/wp-json\/wp\/v2\/product\/44443","targetHints":{"allow":["GET"]}}],"collection":[{"href":"https:\/\/zl.jewelry\/pl\/wp-json\/wp\/v2\/product"}],"about":[{"href":"https:\/\/zl.jewelry\/pl\/wp-json\/wp\/v2\/types\/product"}],"wp:featuredmedia":[{"embeddable":true,"href":"https:\/\/zl.jewelry\/pl\/wp-json\/wp\/v2\/media\/44444"}],"wp:attachment":[{"href":"https:\/\/zl.jewelry\/pl\/wp-json\/wp\/v2\/media?parent=44443"}],"wp:term":[{"taxonomy":"product_brand","embeddable":true,"href":"https:\/\/zl.jewelry\/pl\/wp-json\/wp\/v2\/product_brand?post=44443"},{"taxonomy":"product_cat","embeddable":true,"href":"https:\/\/zl.jewelry\/pl\/wp-json\/wp\/v2\/product_cat?post=44443"},{"taxonomy":"product_tag","embeddable":true,"href":"https:\/\/zl.jewelry\/pl\/wp-json\/wp\/v2\/product_tag?post=44443"}],"curies":[{"name":"wp","href":"https:\/\/api.w.org\/{rel}","templated":true}]}}