{"id":44439,"date":"2025-06-18T10:59:21","date_gmt":"2025-06-18T10:59:21","guid":{"rendered":"https:\/\/zl.jewelry\/product\/our-father-bracelet\/"},"modified":"2026-04-27T09:34:14","modified_gmt":"2026-04-27T09:34:14","slug":"our-father-bracelet","status":"publish","type":"product","link":"https:\/\/zl.jewelry\/pl\/product\/our-father-bracelet\/","title":{"rendered":"Bransoletka &#8222;Ojcze nasz&#8221;"},"content":{"rendered":"<p>Bransoletka o wadze 47,62 grama, z bia\u0142ego z\u0142ota pr\u00f3by 585*, na lince, \u015brednica linki 5mm. Na centralnej wk\u0142adce modlitwa \u201eOjcze nasz\u201d w j\u0119zyku ukrai\u0144skim. Wk\u0142adki pokryte rodem. Centralna wk\u0142adka pokryta emali\u0105.<\/p>\n","protected":false},"excerpt":{"rendered":"<p>Bransoletka o wadze 47,62 grama, z bia\u0142ego z\u0142ota pr\u00f3by 585*, na lince, \u015brednica linki 5mm. Na centralnej wk\u0142adce modlitwa \u201eOjcze nasz\u201d w j\u0119zyku ukrai\u0144skim. Wk\u0142adki pokryte rodem. Centralna wk\u0142adka pokryta emali\u0105.<\/p>\n","protected":false},"featured_media":44440,"template":"","meta":{"_acf_changed":false},"product_brand":[],"product_cat":[557,562,559],"product_tag":[],"class_list":{"0":"post-44439","1":"product","2":"type-product","3":"status-publish","4":"has-post-thumbnail","6":"product_cat-bracelets-pl","7":"product_cat-silk-bracelets-with-gold-inserts-pl","8":"product_cat-gold-bracelets-from-30-gr-pl","10":"first","11":"instock","12":"product-type-simple"},"acf":[],"_links":{"self":[{"href":"https:\/\/zl.jewelry\/pl\/wp-json\/wp\/v2\/product\/44439","targetHints":{"allow":["GET"]}}],"collection":[{"href":"https:\/\/zl.jewelry\/pl\/wp-json\/wp\/v2\/product"}],"about":[{"href":"https:\/\/zl.jewelry\/pl\/wp-json\/wp\/v2\/types\/product"}],"wp:featuredmedia":[{"embeddable":true,"href":"https:\/\/zl.jewelry\/pl\/wp-json\/wp\/v2\/media\/44440"}],"wp:attachment":[{"href":"https:\/\/zl.jewelry\/pl\/wp-json\/wp\/v2\/media?parent=44439"}],"wp:term":[{"taxonomy":"product_brand","embeddable":true,"href":"https:\/\/zl.jewelry\/pl\/wp-json\/wp\/v2\/product_brand?post=44439"},{"taxonomy":"product_cat","embeddable":true,"href":"https:\/\/zl.jewelry\/pl\/wp-json\/wp\/v2\/product_cat?post=44439"},{"taxonomy":"product_tag","embeddable":true,"href":"https:\/\/zl.jewelry\/pl\/wp-json\/wp\/v2\/product_tag?post=44439"}],"curies":[{"name":"wp","href":"https:\/\/api.w.org\/{rel}","templated":true}]}}