{"id":44437,"date":"2025-06-18T10:59:21","date_gmt":"2025-06-18T10:59:21","guid":{"rendered":"https:\/\/zl.jewelry\/product\/bracelet-with-the-faces-of-saints-in-white-gold\/"},"modified":"2026-04-27T09:30:15","modified_gmt":"2026-04-27T09:30:15","slug":"bracelet-with-the-faces-of-saints-in-white-gold","status":"publish","type":"product","link":"https:\/\/zl.jewelry\/pl\/product\/bracelet-with-the-faces-of-saints-in-white-gold\/","title":{"rendered":"Bransoletka z twarzami \u015bwi\u0119tych z bia\u0142ego z\u0142ota"},"content":{"rendered":"","protected":false},"excerpt":{"rendered":"","protected":false},"featured_media":44438,"template":"","meta":{"_acf_changed":false},"product_brand":[],"product_cat":[557,562,559],"product_tag":[],"class_list":{"0":"post-44437","1":"product","2":"type-product","3":"status-publish","4":"has-post-thumbnail","6":"product_cat-bracelets-pl","7":"product_cat-silk-bracelets-with-gold-inserts-pl","8":"product_cat-gold-bracelets-from-30-gr-pl","10":"first","11":"instock","12":"product-type-simple"},"acf":[],"_links":{"self":[{"href":"https:\/\/zl.jewelry\/pl\/wp-json\/wp\/v2\/product\/44437","targetHints":{"allow":["GET"]}}],"collection":[{"href":"https:\/\/zl.jewelry\/pl\/wp-json\/wp\/v2\/product"}],"about":[{"href":"https:\/\/zl.jewelry\/pl\/wp-json\/wp\/v2\/types\/product"}],"wp:featuredmedia":[{"embeddable":true,"href":"https:\/\/zl.jewelry\/pl\/wp-json\/wp\/v2\/media\/44438"}],"wp:attachment":[{"href":"https:\/\/zl.jewelry\/pl\/wp-json\/wp\/v2\/media?parent=44437"}],"wp:term":[{"taxonomy":"product_brand","embeddable":true,"href":"https:\/\/zl.jewelry\/pl\/wp-json\/wp\/v2\/product_brand?post=44437"},{"taxonomy":"product_cat","embeddable":true,"href":"https:\/\/zl.jewelry\/pl\/wp-json\/wp\/v2\/product_cat?post=44437"},{"taxonomy":"product_tag","embeddable":true,"href":"https:\/\/zl.jewelry\/pl\/wp-json\/wp\/v2\/product_tag?post=44437"}],"curies":[{"name":"wp","href":"https:\/\/api.w.org\/{rel}","templated":true}]}}