{"id":44435,"date":"2025-06-18T10:59:21","date_gmt":"2025-06-18T10:59:21","guid":{"rendered":"https:\/\/zl.jewelry\/product\/gemini-bracelet\/"},"modified":"2025-09-26T18:30:01","modified_gmt":"2025-09-26T18:30:01","slug":"gemini-bracelet","status":"publish","type":"product","link":"https:\/\/zl.jewelry\/pl\/product\/gemini-bracelet\/","title":{"rendered":"Bransoletka &#8222;Gemini&#8221;"},"content":{"rendered":"<p>Bransoletka z czerwonego i bia\u0142ego z\u0142ota pr&oacute;by 585*. Ca\u0142kowita waga 90,13 grama przy rozmiarze 21cm.&nbsp; Na wk\u0142adkach w formie sze\u015bciok\u0105ta znajduj\u0105 si\u0119 bli\u017aniacze wk\u0142adki z bia\u0142ego z\u0142ota.&nbsp; Szeroko\u015b\u0107 bransoletki 20mm.&nbsp; Wk\u0142adki bli\u017aniacze platerowane rodem.<\/p>\n<p>_x000D_<br \/>\n_x000D_<\/p>\n<p>.<\/p>\n<p>_x000D_<\/p>\n","protected":false},"excerpt":{"rendered":"<p>Bransoletka z czerwonego i bia\u0142ego z\u0142ota pr&oacute;by 585*. Ca\u0142kowita waga 90,13 grama przy rozmiarze 21cm.&nbsp; Na wk\u0142adkach w formie sze\u015bciok\u0105ta znajduj\u0105 si\u0119 bli\u017aniacze wk\u0142adki z bia\u0142ego z\u0142ota.&nbsp; Szeroko\u015b\u0107 bransoletki 20mm.&nbsp; Wk\u0142adki bli\u017aniacze platerowane rodem. _x000D_ _x000D_ . _x000D_<\/p>\n","protected":false},"featured_media":44436,"template":"","meta":{"_acf_changed":false},"product_brand":[],"product_cat":[557,559],"product_tag":[],"class_list":{"0":"post-44435","1":"product","2":"type-product","3":"status-publish","4":"has-post-thumbnail","6":"product_cat-bracelets-pl","7":"product_cat-gold-bracelets-from-30-gr-pl","9":"first","10":"instock","11":"product-type-simple"},"acf":[],"_links":{"self":[{"href":"https:\/\/zl.jewelry\/pl\/wp-json\/wp\/v2\/product\/44435","targetHints":{"allow":["GET"]}}],"collection":[{"href":"https:\/\/zl.jewelry\/pl\/wp-json\/wp\/v2\/product"}],"about":[{"href":"https:\/\/zl.jewelry\/pl\/wp-json\/wp\/v2\/types\/product"}],"wp:featuredmedia":[{"embeddable":true,"href":"https:\/\/zl.jewelry\/pl\/wp-json\/wp\/v2\/media\/44436"}],"wp:attachment":[{"href":"https:\/\/zl.jewelry\/pl\/wp-json\/wp\/v2\/media?parent=44435"}],"wp:term":[{"taxonomy":"product_brand","embeddable":true,"href":"https:\/\/zl.jewelry\/pl\/wp-json\/wp\/v2\/product_brand?post=44435"},{"taxonomy":"product_cat","embeddable":true,"href":"https:\/\/zl.jewelry\/pl\/wp-json\/wp\/v2\/product_cat?post=44435"},{"taxonomy":"product_tag","embeddable":true,"href":"https:\/\/zl.jewelry\/pl\/wp-json\/wp\/v2\/product_tag?post=44435"}],"curies":[{"name":"wp","href":"https:\/\/api.w.org\/{rel}","templated":true}]}}