{"id":44431,"date":"2025-06-18T10:59:21","date_gmt":"2025-06-18T10:59:21","guid":{"rendered":"https:\/\/zl.jewelry\/product\/bracelet-halves\/"},"modified":"2025-09-26T18:30:01","modified_gmt":"2025-09-26T18:30:01","slug":"bracelet-halves","status":"publish","type":"product","link":"https:\/\/zl.jewelry\/pl\/product\/bracelet-halves\/","title":{"rendered":"Bransoletka \u201ePo\u0142\u00f3wki\u201d"},"content":{"rendered":"<p>Bransoletka w kolorze kombinacji z\u0142ota pr\u00f3by 585*, waga 29,51 grama. Waga r\u00f3\u017cni si\u0119 w zale\u017cno\u015bci od rozmiapl. Wstawione diamenty 1,6 mm. Bia\u0142e rodowane wstawki.<\/p>\n","protected":false},"excerpt":{"rendered":"<p>Bransoletka w kolorze kombinacji z\u0142ota pr\u00f3by 585*, waga 29,51 grama. Waga r\u00f3\u017cni si\u0119 w zale\u017cno\u015bci od rozmiapl. Wstawione diamenty 1,6 mm. Bia\u0142e rodowane wstawki.<\/p>\n","protected":false},"featured_media":44432,"template":"","meta":{"_acf_changed":false},"product_brand":[],"product_cat":[557,560],"product_tag":[],"class_list":{"0":"post-44431","1":"product","2":"type-product","3":"status-publish","4":"has-post-thumbnail","6":"product_cat-bracelets-pl","7":"product_cat-gold-bracelets-up-to-30-gr-pl","9":"first","10":"instock","11":"product-type-simple"},"acf":[],"_links":{"self":[{"href":"https:\/\/zl.jewelry\/pl\/wp-json\/wp\/v2\/product\/44431","targetHints":{"allow":["GET"]}}],"collection":[{"href":"https:\/\/zl.jewelry\/pl\/wp-json\/wp\/v2\/product"}],"about":[{"href":"https:\/\/zl.jewelry\/pl\/wp-json\/wp\/v2\/types\/product"}],"wp:featuredmedia":[{"embeddable":true,"href":"https:\/\/zl.jewelry\/pl\/wp-json\/wp\/v2\/media\/44432"}],"wp:attachment":[{"href":"https:\/\/zl.jewelry\/pl\/wp-json\/wp\/v2\/media?parent=44431"}],"wp:term":[{"taxonomy":"product_brand","embeddable":true,"href":"https:\/\/zl.jewelry\/pl\/wp-json\/wp\/v2\/product_brand?post=44431"},{"taxonomy":"product_cat","embeddable":true,"href":"https:\/\/zl.jewelry\/pl\/wp-json\/wp\/v2\/product_cat?post=44431"},{"taxonomy":"product_tag","embeddable":true,"href":"https:\/\/zl.jewelry\/pl\/wp-json\/wp\/v2\/product_tag?post=44431"}],"curies":[{"name":"wp","href":"https:\/\/api.w.org\/{rel}","templated":true}]}}