{"id":44423,"date":"2025-06-18T10:59:27","date_gmt":"2025-06-18T10:59:27","guid":{"rendered":"https:\/\/zl.jewelry\/product\/dsw-pendant\/"},"modified":"2025-09-26T18:30:11","modified_gmt":"2025-09-26T18:30:11","slug":"dsw-pendant","status":"publish","type":"product","link":"https:\/\/zl.jewelry\/pl\/product\/dsw-pendant\/","title":{"rendered":"Wisiorek &#8222;DSW&#8221;"},"content":{"rendered":"<p>Wisiorek w kszta\u0142cie ostrza z czerwonego z\u0142ota pr&oacute;by 585* o wadze 5,14 grama. Wysoko\u015b\u0107 wisiorka z uszkiem wynosi 32 mm. Wisiorek ma form\u0119 spadochronu. W \u015brodku zawieszki znajduje si\u0119 kamie\u0144 o \u015brednicy 2 mm. Wz&oacute;r wisiorka mo\u017ce zosta\u0107 zmieniony na \u017cyczenie klienta.<\/p>\n<p>_x000D_<\/p>\n","protected":false},"excerpt":{"rendered":"<p>Wisiorek w kszta\u0142cie ostrza z czerwonego z\u0142ota pr&oacute;by 585* o wadze 5,14 grama. Wysoko\u015b\u0107 wisiorka z uszkiem wynosi 32 mm. Wisiorek ma form\u0119 spadochronu. W \u015brodku zawieszki znajduje si\u0119 kamie\u0144 o \u015brednicy 2 mm. Wz&oacute;r wisiorka mo\u017ce zosta\u0107 zmieniony na \u017cyczenie klienta. _x000D_<\/p>\n","protected":false},"featured_media":44424,"template":"","meta":{"_acf_changed":false},"product_brand":[],"product_cat":[563,568],"product_tag":[],"class_list":{"0":"post-44423","1":"product","2":"type-product","3":"status-publish","4":"has-post-thumbnail","6":"product_cat-gold-pendants-pl","7":"product_cat-without-inserts-2-pl","9":"first","10":"instock","11":"product-type-simple"},"acf":[],"_links":{"self":[{"href":"https:\/\/zl.jewelry\/pl\/wp-json\/wp\/v2\/product\/44423","targetHints":{"allow":["GET"]}}],"collection":[{"href":"https:\/\/zl.jewelry\/pl\/wp-json\/wp\/v2\/product"}],"about":[{"href":"https:\/\/zl.jewelry\/pl\/wp-json\/wp\/v2\/types\/product"}],"wp:featuredmedia":[{"embeddable":true,"href":"https:\/\/zl.jewelry\/pl\/wp-json\/wp\/v2\/media\/44424"}],"wp:attachment":[{"href":"https:\/\/zl.jewelry\/pl\/wp-json\/wp\/v2\/media?parent=44423"}],"wp:term":[{"taxonomy":"product_brand","embeddable":true,"href":"https:\/\/zl.jewelry\/pl\/wp-json\/wp\/v2\/product_brand?post=44423"},{"taxonomy":"product_cat","embeddable":true,"href":"https:\/\/zl.jewelry\/pl\/wp-json\/wp\/v2\/product_cat?post=44423"},{"taxonomy":"product_tag","embeddable":true,"href":"https:\/\/zl.jewelry\/pl\/wp-json\/wp\/v2\/product_tag?post=44423"}],"curies":[{"name":"wp","href":"https:\/\/api.w.org\/{rel}","templated":true}]}}