{"id":44417,"date":"2025-06-18T10:59:27","date_gmt":"2025-06-18T10:59:27","guid":{"rendered":"https:\/\/zl.jewelry\/product\/clover-pendant-with-enamel\/"},"modified":"2025-09-26T18:30:10","modified_gmt":"2025-09-26T18:30:10","slug":"clover-pendant-with-enamel","status":"publish","type":"product","link":"https:\/\/zl.jewelry\/pl\/product\/clover-pendant-with-enamel\/","title":{"rendered":"Wisiorek \u201eKoniczynka\u201d z emali\u0105"},"content":{"rendered":"<p>Wisiorek w kszta\u0142cie koniczynki&nbsp; w kolorze z\u0142ota rwas 585*, waga z\u0142ota 1,59 grama, wysoko\u015b\u0107 10 mm. Na przedniej stronie znajduje si\u0119 ornament, pokryty niebiesk\u0105 i \u017c\u00f3\u0142t\u0105 emali\u0105.<\/p>\n","protected":false},"excerpt":{"rendered":"<p>Wisiorek w kszta\u0142cie koniczynki&nbsp; w kolorze z\u0142ota rwas 585*, waga z\u0142ota 1,59 grama, wysoko\u015b\u0107 10 mm. Na przedniej stronie znajduje si\u0119 ornament, pokryty niebiesk\u0105 i \u017c\u00f3\u0142t\u0105 emali\u0105.<\/p>\n","protected":false},"featured_media":44418,"template":"","meta":{"_acf_changed":false},"product_brand":[],"product_cat":[568,563],"product_tag":[],"class_list":{"0":"post-44417","1":"product","2":"type-product","3":"status-publish","4":"has-post-thumbnail","6":"product_cat-without-inserts-2-pl","7":"product_cat-gold-pendants-pl","9":"first","10":"instock","11":"product-type-simple"},"acf":[],"_links":{"self":[{"href":"https:\/\/zl.jewelry\/pl\/wp-json\/wp\/v2\/product\/44417","targetHints":{"allow":["GET"]}}],"collection":[{"href":"https:\/\/zl.jewelry\/pl\/wp-json\/wp\/v2\/product"}],"about":[{"href":"https:\/\/zl.jewelry\/pl\/wp-json\/wp\/v2\/types\/product"}],"wp:featuredmedia":[{"embeddable":true,"href":"https:\/\/zl.jewelry\/pl\/wp-json\/wp\/v2\/media\/44418"}],"wp:attachment":[{"href":"https:\/\/zl.jewelry\/pl\/wp-json\/wp\/v2\/media?parent=44417"}],"wp:term":[{"taxonomy":"product_brand","embeddable":true,"href":"https:\/\/zl.jewelry\/pl\/wp-json\/wp\/v2\/product_brand?post=44417"},{"taxonomy":"product_cat","embeddable":true,"href":"https:\/\/zl.jewelry\/pl\/wp-json\/wp\/v2\/product_cat?post=44417"},{"taxonomy":"product_tag","embeddable":true,"href":"https:\/\/zl.jewelry\/pl\/wp-json\/wp\/v2\/product_tag?post=44417"}],"curies":[{"name":"wp","href":"https:\/\/api.w.org\/{rel}","templated":true}]}}