{"id":44415,"date":"2025-06-18T10:59:27","date_gmt":"2025-06-18T10:59:27","guid":{"rendered":"https:\/\/zl.jewelry\/product\/pendant-military-intelligence\/"},"modified":"2026-04-27T08:04:10","modified_gmt":"2026-04-27T08:04:10","slug":"pendant-military-intelligence","status":"publish","type":"product","link":"https:\/\/zl.jewelry\/pl\/product\/pendant-military-intelligence\/","title":{"rendered":"Wisiorek &#8222;Military Intelligence&#8221;"},"content":{"rendered":"<p>Wisiorek w kszta\u0142cie sowy, w kolorze czerwonego z\u0142ota. Przednia strona\u00a0 kontury s\u0105 pokryte niebiesk\u0105 i \u017c\u00f3\u0142t\u0105 emali\u0105, miecz jest wygrawerowany Fantast, opcjonalnie. Odwrotna strona ma g\u0142adk\u0105 podstaw\u0119.\u00a0 Waga zale\u017cy od wymiar\u00f3w, przy wysoko\u015bci 30 mm, bez ucha, waga z\u0142ota wynosi 6,80 grama. Projekt mo\u017cna zmieni\u0107 zgodnie z \u017cyczeniem klienta.<\/p>\n","protected":false},"excerpt":{"rendered":"<p>Wisiorek w kszta\u0142cie sowy, w kolorze czerwonego z\u0142ota. Przednia strona\u00a0 kontury s\u0105 pokryte niebiesk\u0105 i \u017c\u00f3\u0142t\u0105 emali\u0105, miecz jest wygrawerowany Fantast, opcjonalnie. Odwrotna strona ma g\u0142adk\u0105 podstaw\u0119.\u00a0 Waga zale\u017cy od wymiar\u00f3w, przy wysoko\u015bci 30 mm, bez ucha, waga z\u0142ota wynosi 6,80 grama. Projekt mo\u017cna zmieni\u0107 zgodnie z \u017cyczeniem klienta.<\/p>\n","protected":false},"featured_media":44416,"template":"","meta":{"_acf_changed":false},"product_brand":[],"product_cat":[568,563],"product_tag":[],"class_list":{"0":"post-44415","1":"product","2":"type-product","3":"status-publish","4":"has-post-thumbnail","6":"product_cat-without-inserts-2-pl","7":"product_cat-gold-pendants-pl","9":"first","10":"instock","11":"product-type-simple"},"acf":[],"_links":{"self":[{"href":"https:\/\/zl.jewelry\/pl\/wp-json\/wp\/v2\/product\/44415","targetHints":{"allow":["GET"]}}],"collection":[{"href":"https:\/\/zl.jewelry\/pl\/wp-json\/wp\/v2\/product"}],"about":[{"href":"https:\/\/zl.jewelry\/pl\/wp-json\/wp\/v2\/types\/product"}],"wp:featuredmedia":[{"embeddable":true,"href":"https:\/\/zl.jewelry\/pl\/wp-json\/wp\/v2\/media\/44416"}],"wp:attachment":[{"href":"https:\/\/zl.jewelry\/pl\/wp-json\/wp\/v2\/media?parent=44415"}],"wp:term":[{"taxonomy":"product_brand","embeddable":true,"href":"https:\/\/zl.jewelry\/pl\/wp-json\/wp\/v2\/product_brand?post=44415"},{"taxonomy":"product_cat","embeddable":true,"href":"https:\/\/zl.jewelry\/pl\/wp-json\/wp\/v2\/product_cat?post=44415"},{"taxonomy":"product_tag","embeddable":true,"href":"https:\/\/zl.jewelry\/pl\/wp-json\/wp\/v2\/product_tag?post=44415"}],"curies":[{"name":"wp","href":"https:\/\/api.w.org\/{rel}","templated":true}]}}